{"id":99,"date":"2013-11-12T13:38:31","date_gmt":"2013-11-12T13:38:31","guid":{"rendered":"http:\/\/www.hvidovrekajakklub.dk\/?page_id=99"},"modified":"2016-02-17T09:09:36","modified_gmt":"2016-02-17T08:09:36","slug":"krav-til-faerdigheder","status":"publish","type":"page","link":"https:\/\/www.hvidovrekajakklub.dk\/?page_id=99","title":{"rendered":"Krav til f\u00e6rdigheder"},"content":{"rendered":"<p>For at kunne deltage p\u00e5 instruktionshold skal man kunne opfylde nedenst\u00e5ende krav:<\/p>\n<p>1: Man skal kunne kravle op ved egen hj\u00e6lp i sv\u00f8mmehallens\u00a0bassins\u00a0dybe ende ved startskamlerne. F\u00f8rste gang vurdere\u00a0Instrukt\u00f8rerne dem, som ikke kan klare kravet p\u00e5, om vi tror de kan n\u00e5 at tr\u00e6ne sig op p\u00e5 en m\u00e5ned til at klare kravet. Dem som ikke kan og som\u00a0Instrukt\u00f8rerne ikke vurdere vil kunne tr\u00e6ne sig op i l\u00f8bet af en m\u00e5ned til at klare kravet, tager\u00a0Instrukt\u00f8rerne af holdet med det samme.<\/p>\n<p>2: Man skal fra hug, kunne rejse sig uden at st\u00f8tte med h\u00e6nderne eller tr\u00e6kke sig op af noget.<\/p>\n<p>3: Man skal kunne b\u00e6re sin egen kajak &#8211; v\u00e6gt cirka 18 kg.<\/p>\n<p>4: Under instruktionen skal henvisninger fra Instrukt\u00f8rer f\u00f8lges og ikke diskuteres p\u00e5 vandet. Efterf\u00f8lgende under torsdagsevalueringen er eleven velkommen til at komme med en vurdering af sin opfattelse af en given situation.<\/p>\n","protected":false},"excerpt":{"rendered":"<p>For at kunne deltage p\u00e5 instruktionshold skal man kunne opfylde nedenst\u00e5ende krav: 1: Man skal kunne kravle op ved egen hj\u00e6lp i sv\u00f8mmehallens\u00a0bassins\u00a0dybe ende ved startskamlerne. F\u00f8rste gang vurdere\u00a0Instrukt\u00f8rerne dem, som ikke kan klare kravet p\u00e5, om vi tror de kan n\u00e5 at tr\u00e6ne sig op p\u00e5 en m\u00e5ned til at klare kravet. Dem som [&hellip;]<\/p>\n","protected":false},"author":1,"featured_media":0,"parent":0,"menu_order":0,"comment_status":"closed","ping_status":"open","template":"template-full-width.php","meta":{"ngg_post_thumbnail":0,"footnotes":""},"class_list":["post-99","page","type-page","status-publish","hentry"],"_links":{"self":[{"href":"https:\/\/www.hvidovrekajakklub.dk\/index.php?rest_route=\/wp\/v2\/pages\/99","targetHints":{"allow":["GET"]}}],"collection":[{"href":"https:\/\/www.hvidovrekajakklub.dk\/index.php?rest_route=\/wp\/v2\/pages"}],"about":[{"href":"https:\/\/www.hvidovrekajakklub.dk\/index.php?rest_route=\/wp\/v2\/types\/page"}],"author":[{"embeddable":true,"href":"https:\/\/www.hvidovrekajakklub.dk\/index.php?rest_route=\/wp\/v2\/users\/1"}],"replies":[{"embeddable":true,"href":"https:\/\/www.hvidovrekajakklub.dk\/index.php?rest_route=%2Fwp%2Fv2%2Fcomments&post=99"}],"version-history":[{"count":2,"href":"https:\/\/www.hvidovrekajakklub.dk\/index.php?rest_route=\/wp\/v2\/pages\/99\/revisions"}],"predecessor-version":[{"id":252,"href":"https:\/\/www.hvidovrekajakklub.dk\/index.php?rest_route=\/wp\/v2\/pages\/99\/revisions\/252"}],"wp:attachment":[{"href":"https:\/\/www.hvidovrekajakklub.dk\/index.php?rest_route=%2Fwp%2Fv2%2Fmedia&parent=99"}],"curies":[{"name":"wp","href":"https:\/\/api.w.org\/{rel}","templated":true}]}}