{"id":915,"date":"2013-12-23T16:32:22","date_gmt":"2013-12-23T16:32:22","guid":{"rendered":"http:\/\/www.hvidovrekajakklub.dk\/?page_id=915"},"modified":"2016-02-17T09:08:56","modified_gmt":"2016-02-17T08:08:56","slug":"dokumenter-2003","status":"publish","type":"page","link":"https:\/\/www.hvidovrekajakklub.dk\/?page_id=915","title":{"rendered":"Dokumenter 2003"},"content":{"rendered":"<p><a href=\"\/wp-content\/uploads\/2014\/01\/b-m\u00f8de-020903.pdf\">b-m\u00f8de 020903<\/a><\/p>\n<p><a href=\"\/wp-content\/uploads\/2014\/01\/b-m\u00f8de-031203.pdf\">b-m\u00f8de 031203<\/a><\/p>\n<p><a href=\"\/wp-content\/uploads\/2014\/01\/b-m\u00f8de-121103.pdf\">b-m\u00f8de 121103<\/a><\/p>\n<p><a href=\"\/wp-content\/uploads\/2014\/01\/b-m\u00f8de-180803.pdf\">b-m\u00f8de 180803<\/a><\/p>\n<p><a href=\"\/wp-content\/uploads\/2014\/01\/b-m\u00f8de-200203.pdf\">b-m\u00f8de 200203<\/a><\/p>\n<p><a href=\"\/wp-content\/uploads\/2014\/01\/b-m\u00f8de-200303.pdf\">b-m\u00f8de 200303<\/a><\/p>\n<p><a href=\"\/wp-content\/uploads\/2014\/01\/b-m\u00f8de-201003.pdf\">b-m\u00f8de 201003<\/a><\/p>\n<p><a href=\"\/wp-content\/uploads\/2014\/01\/b-m\u00f8de-240403.pdf\">b-m\u00f8de 240403<\/a><\/p>\n<p><a href=\"\/wp-content\/uploads\/2014\/01\/b-m\u00f8de-250903.pdf\">b-m\u00f8de 250903<\/a><\/p>\n<p><a href=\"\/wp-content\/uploads\/2014\/01\/IU-m\u00f8de-15-1-03.pdf\">IU m\u00f8de 15-1-03<\/a><\/p>\n<p><a href=\"\/wp-content\/uploads\/2014\/01\/klubforsamling-27-april-2003.pdf\">klubforsamling 27 april 2003<\/a><\/p>\n<p><a href=\"\/wp-content\/uploads\/2014\/01\/B-m\u00f8de-190103.pdf\">B-m\u00f8de 190103<\/a><\/p>\n<p><a href=\"\/wp-content\/uploads\/2014\/01\/generalforsamling-2003.pdf\">generalforsamling 2003<\/a><\/p>\n","protected":false},"excerpt":{"rendered":"<p>b-m\u00f8de 020903 b-m\u00f8de 031203 b-m\u00f8de 121103 b-m\u00f8de 180803 b-m\u00f8de 200203 b-m\u00f8de 200303 b-m\u00f8de 201003 b-m\u00f8de 240403 b-m\u00f8de 250903 IU m\u00f8de 15-1-03 klubforsamling 27 april 2003 B-m\u00f8de 190103 generalforsamling 2003<\/p>\n","protected":false},"author":1,"featured_media":0,"parent":0,"menu_order":0,"comment_status":"closed","ping_status":"closed","template":"template-full-width.php","meta":{"ngg_post_thumbnail":0,"footnotes":""},"class_list":["post-915","page","type-page","status-publish","hentry"],"_links":{"self":[{"href":"https:\/\/www.hvidovrekajakklub.dk\/index.php?rest_route=\/wp\/v2\/pages\/915","targetHints":{"allow":["GET"]}}],"collection":[{"href":"https:\/\/www.hvidovrekajakklub.dk\/index.php?rest_route=\/wp\/v2\/pages"}],"about":[{"href":"https:\/\/www.hvidovrekajakklub.dk\/index.php?rest_route=\/wp\/v2\/types\/page"}],"author":[{"embeddable":true,"href":"https:\/\/www.hvidovrekajakklub.dk\/index.php?rest_route=\/wp\/v2\/users\/1"}],"replies":[{"embeddable":true,"href":"https:\/\/www.hvidovrekajakklub.dk\/index.php?rest_route=%2Fwp%2Fv2%2Fcomments&post=915"}],"version-history":[{"count":3,"href":"https:\/\/www.hvidovrekajakklub.dk\/index.php?rest_route=\/wp\/v2\/pages\/915\/revisions"}],"predecessor-version":[{"id":1953,"href":"https:\/\/www.hvidovrekajakklub.dk\/index.php?rest_route=\/wp\/v2\/pages\/915\/revisions\/1953"}],"wp:attachment":[{"href":"https:\/\/www.hvidovrekajakklub.dk\/index.php?rest_route=%2Fwp%2Fv2%2Fmedia&parent=915"}],"curies":[{"name":"wp","href":"https:\/\/api.w.org\/{rel}","templated":true}]}}