{"id":912,"date":"2013-12-23T16:31:46","date_gmt":"2013-12-23T16:31:46","guid":{"rendered":"http:\/\/www.hvidovrekajakklub.dk\/?page_id=912"},"modified":"2016-02-17T09:08:56","modified_gmt":"2016-02-17T08:08:56","slug":"2004-2","status":"publish","type":"page","link":"https:\/\/www.hvidovrekajakklub.dk\/?page_id=912","title":{"rendered":"Dokumenter 2004"},"content":{"rendered":"<p><a href=\"\/wp-content\/uploads\/2014\/01\/b-m\u00f8de-010204.pdf\">b-m\u00f8de 010204<\/a><\/p>\n<p><a href=\"\/wp-content\/uploads\/2014\/01\/b-m\u00f8de-031104.pdf\">b-m\u00f8de 031104<\/a><\/p>\n<p><a href=\"\/wp-content\/uploads\/2014\/01\/b-m\u00f8de-040304.pdf\">b-m\u00f8de 040304<\/a><\/p>\n<p><a href=\"\/wp-content\/uploads\/2014\/01\/b-m\u00f8de-040604.pdf\">b-m\u00f8de 040604<\/a><\/p>\n<p><a href=\"\/wp-content\/uploads\/2014\/01\/b-m\u00f8de-080804.pdf\">b-m\u00f8de 080804<\/a><\/p>\n<p><a href=\"\/wp-content\/uploads\/2014\/01\/b-m\u00f8de-090904.pdf\">b-m\u00f8de 090904<\/a><\/p>\n<p><a href=\"\/wp-content\/uploads\/2014\/01\/b-m\u00f8de-111204.pdf\">b-m\u00f8de 111204<\/a><\/p>\n<p><a href=\"\/wp-content\/uploads\/2014\/01\/b-m\u00f8de-150404.pdf\">b-m\u00f8de 150404<\/a><\/p>\n<p><a href=\"\/wp-content\/uploads\/2014\/01\/b-m\u00f8de-220604.pdf\">b-m\u00f8de 220604<\/a><\/p>\n<p><a href=\"\/wp-content\/uploads\/2014\/01\/klubforsamling-1.-maj-2004.pdf\">klubforsamling 1. maj 2004<\/a><\/p>\n<p><a href=\"\/wp-content\/uploads\/2014\/01\/generalforsamling-2004.pdf\">generalforsamling 2004<\/a><\/p>\n","protected":false},"excerpt":{"rendered":"<p>b-m\u00f8de 010204 b-m\u00f8de 031104 b-m\u00f8de 040304 b-m\u00f8de 040604 b-m\u00f8de 080804 b-m\u00f8de 090904 b-m\u00f8de 111204 b-m\u00f8de 150404 b-m\u00f8de 220604 klubforsamling 1. maj 2004 generalforsamling 2004<\/p>\n","protected":false},"author":1,"featured_media":0,"parent":0,"menu_order":0,"comment_status":"closed","ping_status":"closed","template":"template-full-width.php","meta":{"ngg_post_thumbnail":0,"footnotes":""},"class_list":["post-912","page","type-page","status-publish","hentry"],"_links":{"self":[{"href":"https:\/\/www.hvidovrekajakklub.dk\/index.php?rest_route=\/wp\/v2\/pages\/912","targetHints":{"allow":["GET"]}}],"collection":[{"href":"https:\/\/www.hvidovrekajakklub.dk\/index.php?rest_route=\/wp\/v2\/pages"}],"about":[{"href":"https:\/\/www.hvidovrekajakklub.dk\/index.php?rest_route=\/wp\/v2\/types\/page"}],"author":[{"embeddable":true,"href":"https:\/\/www.hvidovrekajakklub.dk\/index.php?rest_route=\/wp\/v2\/users\/1"}],"replies":[{"embeddable":true,"href":"https:\/\/www.hvidovrekajakklub.dk\/index.php?rest_route=%2Fwp%2Fv2%2Fcomments&post=912"}],"version-history":[{"count":4,"href":"https:\/\/www.hvidovrekajakklub.dk\/index.php?rest_route=\/wp\/v2\/pages\/912\/revisions"}],"predecessor-version":[{"id":1952,"href":"https:\/\/www.hvidovrekajakklub.dk\/index.php?rest_route=\/wp\/v2\/pages\/912\/revisions\/1952"}],"wp:attachment":[{"href":"https:\/\/www.hvidovrekajakklub.dk\/index.php?rest_route=%2Fwp%2Fv2%2Fmedia&parent=912"}],"curies":[{"name":"wp","href":"https:\/\/api.w.org\/{rel}","templated":true}]}}