{"id":910,"date":"2013-12-23T16:31:21","date_gmt":"2013-12-23T16:31:21","guid":{"rendered":"http:\/\/www.hvidovrekajakklub.dk\/?page_id=910"},"modified":"2016-02-17T09:08:56","modified_gmt":"2016-02-17T08:08:56","slug":"dokumenter-2005","status":"publish","type":"page","link":"https:\/\/www.hvidovrekajakklub.dk\/?page_id=910","title":{"rendered":"Dokumenter 2005"},"content":{"rendered":"<p><a href=\"\/wp-content\/uploads\/2014\/01\/KM-statistik04-05HvK.pdf\">KM-statistik04-05HvK<\/a><\/p>\n<p><a href=\"\/wp-content\/uploads\/2014\/01\/Indkaldelse-til-generalforsamling-2005.pdf\">Indkaldelse til generalforsamling 2005<\/a><\/p>\n<p><a href=\"\/wp-content\/uploads\/2014\/01\/Indkaldelse-til-ekstraordin\u00e6r-generalforsamling-samt-standerhejsningsm\u00f8de-i-Hvidovre-Kajakklub-onsdag-d2.pdf\">Indkaldelse til ekstraordin\u00e6r generalforsamling samt standerhejsningsm\u00f8de i Hvidovre Kajakklub onsdag d2<\/a><\/p>\n<p><a href=\"\/wp-content\/uploads\/2014\/01\/Generalforsamling-den-13-april-2005.pdf\">Generalforsamling den 13 april 2005<\/a><\/p>\n<p><a href=\"\/wp-content\/uploads\/2014\/01\/b-m\u00f8de-2730605.pdf\">b-m\u00f8de 2730605<\/a><\/p>\n<p><a href=\"\/wp-content\/uploads\/2014\/01\/b-m\u00f8de-300105.pdf\">b-m\u00f8de 300105<\/a><\/p>\n<p><a href=\"\/wp-content\/uploads\/2014\/01\/b-m\u00f8de-250805.pdf\">b-m\u00f8de 250805<\/a><\/p>\n<p><a href=\"\/wp-content\/uploads\/2014\/01\/b-m\u00f8de-230505.pdf\">b-m\u00f8de 230505<\/a><\/p>\n<p><a href=\"\/wp-content\/uploads\/2014\/01\/b-m\u00f8de-190405.pdf\">b-m\u00f8de 190405<\/a><\/p>\n<p><a href=\"\/wp-content\/uploads\/2014\/01\/b-m\u00f8de-100305.pdf\">b-m\u00f8de 100305<\/a><\/p>\n<p><a href=\"\/wp-content\/uploads\/2014\/01\/Bestyrelsens-lov\u00e6ndringsforslag-2005.pdf\">Bestyrelsens lov\u00e6ndringsforslag 2005<\/a><\/p>\n<p><a href=\"\/wp-content\/uploads\/2014\/01\/051201Bestyrelsesmoede_HvK.pdf\">051201Bestyrelsesmoede_HvK<\/a><\/p>\n<p><a href=\"\/wp-content\/uploads\/2014\/01\/051103Bestyrelsesmoede_HvK.pdf\">051103Bestyrelsesmoede_HvK<\/a><\/p>\n<p><a href=\"\/wp-content\/uploads\/2014\/01\/051005Generalforsamling.pdf\">051005Generalforsamling<\/a><\/p>\n","protected":false},"excerpt":{"rendered":"<p>KM-statistik04-05HvK Indkaldelse til generalforsamling 2005 Indkaldelse til ekstraordin\u00e6r generalforsamling samt standerhejsningsm\u00f8de i Hvidovre Kajakklub onsdag d2 Generalforsamling den 13 april 2005 b-m\u00f8de 2730605 b-m\u00f8de 300105 b-m\u00f8de 250805 b-m\u00f8de 230505 b-m\u00f8de 190405 b-m\u00f8de 100305 Bestyrelsens lov\u00e6ndringsforslag 2005 051201Bestyrelsesmoede_HvK 051103Bestyrelsesmoede_HvK 051005Generalforsamling<\/p>\n","protected":false},"author":1,"featured_media":0,"parent":0,"menu_order":0,"comment_status":"closed","ping_status":"closed","template":"template-full-width.php","meta":{"ngg_post_thumbnail":0,"footnotes":""},"class_list":["post-910","page","type-page","status-publish","hentry"],"_links":{"self":[{"href":"https:\/\/www.hvidovrekajakklub.dk\/index.php?rest_route=\/wp\/v2\/pages\/910","targetHints":{"allow":["GET"]}}],"collection":[{"href":"https:\/\/www.hvidovrekajakklub.dk\/index.php?rest_route=\/wp\/v2\/pages"}],"about":[{"href":"https:\/\/www.hvidovrekajakklub.dk\/index.php?rest_route=\/wp\/v2\/types\/page"}],"author":[{"embeddable":true,"href":"https:\/\/www.hvidovrekajakklub.dk\/index.php?rest_route=\/wp\/v2\/users\/1"}],"replies":[{"embeddable":true,"href":"https:\/\/www.hvidovrekajakklub.dk\/index.php?rest_route=%2Fwp%2Fv2%2Fcomments&post=910"}],"version-history":[{"count":3,"href":"https:\/\/www.hvidovrekajakklub.dk\/index.php?rest_route=\/wp\/v2\/pages\/910\/revisions"}],"predecessor-version":[{"id":1951,"href":"https:\/\/www.hvidovrekajakklub.dk\/index.php?rest_route=\/wp\/v2\/pages\/910\/revisions\/1951"}],"wp:attachment":[{"href":"https:\/\/www.hvidovrekajakklub.dk\/index.php?rest_route=%2Fwp%2Fv2%2Fmedia&parent=910"}],"curies":[{"name":"wp","href":"https:\/\/api.w.org\/{rel}","templated":true}]}}