{"id":897,"date":"2013-12-23T16:15:29","date_gmt":"2013-12-23T16:15:29","guid":{"rendered":"http:\/\/www.hvidovrekajakklub.dk\/?page_id=897"},"modified":"2016-02-17T09:08:56","modified_gmt":"2016-02-17T08:08:56","slug":"dokumenter-2009","status":"publish","type":"page","link":"https:\/\/www.hvidovrekajakklub.dk\/?page_id=897","title":{"rendered":"Dokumenter 2009"},"content":{"rendered":"<p><a href=\"\/wp-content\/uploads\/2013\/12\/KM-statistik08-09HvK.pdf\">KM-statistik08-09HvK<\/a><\/p>\n<p><a href=\"\/wp-content\/uploads\/2013\/12\/I-forbindelse-med-at-der-freml\u00e6gges-nyt-forslag-til-varme.doc\">I forbindelse med at der freml\u00e6gges nyt forslag til varme<\/a><\/p>\n<p><a href=\"\/wp-content\/uploads\/2013\/12\/generalforsamling-281009.pdf\">generalforsamling 281009<\/a><\/p>\n<p><a href=\"\/wp-content\/uploads\/2013\/12\/b-m\u00f8de-20091119.pdf\">b-m\u00f8de 20091119<\/a><\/p>\n<p><a href=\"\/wp-content\/uploads\/2013\/12\/240909-Bestyrelsesm\u00f8de-Hvk.pdf\">240909 Bestyrelsesm\u00f8de Hvk<\/a><\/p>\n<p><a href=\"\/wp-content\/uploads\/2013\/12\/090420_Indkald-ekstraord-g-fors-varme.pdf\">090420_Indkald ekstraord g-fors varme<\/a><\/p>\n<p><a href=\"\/wp-content\/uploads\/2013\/12\/090420_EkstraordGeneralforsamling_HvK.pdf\">090420_EkstraordGeneralforsamling_HvK<\/a><\/p>\n<p><a href=\"\/wp-content\/uploads\/2013\/12\/090323_Bestyrelsesmode_HvK.pdf\">090323_Bestyrelsesmode_HvK<\/a><\/p>\n<p><a href=\"\/wp-content\/uploads\/2013\/12\/090225_Indkald-ekstraord-g_fors.pdf\">090225_Indkald ekstraord g_fors<\/a><\/p>\n<p><a href=\"\/wp-content\/uploads\/2013\/12\/090225_Ekstraord-generalfors-HvK.pdf\">090225_Ekstraord generalfors HvK<\/a><\/p>\n<p><a href=\"\/wp-content\/uploads\/2013\/12\/090204_Bestyrelsesmode_HvK.pdf\">090204_Bestyrelsesmode_HvK<\/a><\/p>\n<p><a href=\"\/wp-content\/uploads\/2013\/12\/090108_Bestyrelsesmode_HvK.pdf\">090108_Bestyrelsesmode_HvK<\/a><\/p>\n","protected":false},"excerpt":{"rendered":"<p>KM-statistik08-09HvK I forbindelse med at der freml\u00e6gges nyt forslag til varme generalforsamling 281009 b-m\u00f8de 20091119 240909 Bestyrelsesm\u00f8de Hvk 090420_Indkald ekstraord g-fors varme 090420_EkstraordGeneralforsamling_HvK 090323_Bestyrelsesmode_HvK 090225_Indkald ekstraord g_fors 090225_Ekstraord generalfors HvK 090204_Bestyrelsesmode_HvK 090108_Bestyrelsesmode_HvK<\/p>\n","protected":false},"author":1,"featured_media":0,"parent":0,"menu_order":0,"comment_status":"closed","ping_status":"closed","template":"template-full-width.php","meta":{"ngg_post_thumbnail":0,"footnotes":""},"class_list":["post-897","page","type-page","status-publish","hentry"],"_links":{"self":[{"href":"https:\/\/www.hvidovrekajakklub.dk\/index.php?rest_route=\/wp\/v2\/pages\/897","targetHints":{"allow":["GET"]}}],"collection":[{"href":"https:\/\/www.hvidovrekajakklub.dk\/index.php?rest_route=\/wp\/v2\/pages"}],"about":[{"href":"https:\/\/www.hvidovrekajakklub.dk\/index.php?rest_route=\/wp\/v2\/types\/page"}],"author":[{"embeddable":true,"href":"https:\/\/www.hvidovrekajakklub.dk\/index.php?rest_route=\/wp\/v2\/users\/1"}],"replies":[{"embeddable":true,"href":"https:\/\/www.hvidovrekajakklub.dk\/index.php?rest_route=%2Fwp%2Fv2%2Fcomments&post=897"}],"version-history":[{"count":3,"href":"https:\/\/www.hvidovrekajakklub.dk\/index.php?rest_route=\/wp\/v2\/pages\/897\/revisions"}],"predecessor-version":[{"id":1947,"href":"https:\/\/www.hvidovrekajakklub.dk\/index.php?rest_route=\/wp\/v2\/pages\/897\/revisions\/1947"}],"wp:attachment":[{"href":"https:\/\/www.hvidovrekajakklub.dk\/index.php?rest_route=%2Fwp%2Fv2%2Fmedia&parent=897"}],"curies":[{"name":"wp","href":"https:\/\/api.w.org\/{rel}","templated":true}]}}