{"id":894,"date":"2013-12-23T16:15:12","date_gmt":"2013-12-23T16:15:12","guid":{"rendered":"http:\/\/www.hvidovrekajakklub.dk\/?page_id=894"},"modified":"2016-02-17T09:08:56","modified_gmt":"2016-02-17T08:08:56","slug":"dokumenter-2010","status":"publish","type":"page","link":"https:\/\/www.hvidovrekajakklub.dk\/?page_id=894","title":{"rendered":"Dokumenter 2010"},"content":{"rendered":"<p><a href=\"\/wp-content\/uploads\/2013\/12\/temdag-referat-januar2010.pdf\">temdag-referat januar2010<\/a><\/p>\n<p><a href=\"\/wp-content\/uploads\/2013\/12\/Regnsskab-2008-og-2009.doc\">Regnsskab 2008 og 2009<\/a><\/p>\n<p><a href=\"\/wp-content\/uploads\/2013\/12\/Referat-fra-ordin\u00e6r-generalforsamling-i-Hvidovre-kajakklub.doc\">Referat fra ordin\u00e6r generalforsamling i Hvidovre kajakklub<\/a><\/p>\n<p><a href=\"\/wp-content\/uploads\/2013\/12\/Referat-af-medlemsm\u00f8det-i-HvK280410-FINAL-1.pdf\">Referat af medlemsm\u00f8det i HvK280410 FINAL-1<\/a><\/p>\n<p><a href=\"\/wp-content\/uploads\/2013\/12\/Referat-af-bestyrelsesm\u00f8de-aug2010.pdf\">Referat af bestyrelsesm\u00f8de, aug2010<\/a><\/p>\n<p><a href=\"\/wp-content\/uploads\/2013\/12\/Ref_best_m_221110_1.odt\">Ref_best_m_221110_1<\/a><\/p>\n<p><a href=\"\/wp-content\/uploads\/2013\/12\/Ref_best_m_221110.odt\">Ref_best_m_221110<\/a><\/p>\n<p><a href=\"\/wp-content\/uploads\/2013\/12\/medlemsm\u00f8de-april-2010.pdf\">medlemsm\u00f8de april 2010<\/a><\/p>\n<p><a href=\"\/wp-content\/uploads\/2013\/12\/indkaldelse-til-medlemsm\u00f8de-april2010.pdf\">indkaldelse til medlemsm\u00f8de april2010<\/a><\/p>\n<p><a href=\"\/wp-content\/uploads\/2013\/12\/Indkaldelse-til-b-m\u00f8de-+-referat-28092010.odt\">Indkaldelse til b-m\u00f8de + referat 28092010<\/a><\/p>\n<p><a href=\"\/wp-content\/uploads\/2013\/12\/generalforsamling-oktober2010.pdf\">generalforsamling-oktober2010<\/a><\/p>\n<p><a href=\"\/wp-content\/uploads\/2013\/12\/Evaluering-af-s\u00e6son-2010.odt\">Evaluering af s\u00e6son 2010<\/a><\/p>\n<p><a href=\"\/wp-content\/uploads\/2013\/12\/dagsorden-221110.doc\">dagsorden 221110<\/a><\/p>\n","protected":false},"excerpt":{"rendered":"<p>temdag-referat januar2010 Regnsskab 2008 og 2009 Referat fra ordin\u00e6r generalforsamling i Hvidovre kajakklub Referat af medlemsm\u00f8det i HvK280410 FINAL-1 Referat af bestyrelsesm\u00f8de, aug2010 Ref_best_m_221110_1 Ref_best_m_221110 medlemsm\u00f8de april 2010 indkaldelse til medlemsm\u00f8de april2010 Indkaldelse til b-m\u00f8de + referat 28092010 generalforsamling-oktober2010 Evaluering af s\u00e6son 2010 dagsorden 221110<\/p>\n","protected":false},"author":1,"featured_media":0,"parent":0,"menu_order":0,"comment_status":"closed","ping_status":"closed","template":"template-full-width.php","meta":{"ngg_post_thumbnail":0,"footnotes":""},"class_list":["post-894","page","type-page","status-publish","hentry"],"_links":{"self":[{"href":"https:\/\/www.hvidovrekajakklub.dk\/index.php?rest_route=\/wp\/v2\/pages\/894","targetHints":{"allow":["GET"]}}],"collection":[{"href":"https:\/\/www.hvidovrekajakklub.dk\/index.php?rest_route=\/wp\/v2\/pages"}],"about":[{"href":"https:\/\/www.hvidovrekajakklub.dk\/index.php?rest_route=\/wp\/v2\/types\/page"}],"author":[{"embeddable":true,"href":"https:\/\/www.hvidovrekajakklub.dk\/index.php?rest_route=\/wp\/v2\/users\/1"}],"replies":[{"embeddable":true,"href":"https:\/\/www.hvidovrekajakklub.dk\/index.php?rest_route=%2Fwp%2Fv2%2Fcomments&post=894"}],"version-history":[{"count":3,"href":"https:\/\/www.hvidovrekajakklub.dk\/index.php?rest_route=\/wp\/v2\/pages\/894\/revisions"}],"predecessor-version":[{"id":1946,"href":"https:\/\/www.hvidovrekajakklub.dk\/index.php?rest_route=\/wp\/v2\/pages\/894\/revisions\/1946"}],"wp:attachment":[{"href":"https:\/\/www.hvidovrekajakklub.dk\/index.php?rest_route=%2Fwp%2Fv2%2Fmedia&parent=894"}],"curies":[{"name":"wp","href":"https:\/\/api.w.org\/{rel}","templated":true}]}}