{"id":881,"date":"2013-12-23T16:09:33","date_gmt":"2013-12-23T16:09:33","guid":{"rendered":"http:\/\/www.hvidovrekajakklub.dk\/?page_id=881"},"modified":"2016-02-17T09:08:56","modified_gmt":"2016-02-17T08:08:56","slug":"dokumenter-2012","status":"publish","type":"page","link":"https:\/\/www.hvidovrekajakklub.dk\/?page_id=881","title":{"rendered":"Dokumenter 2012"},"content":{"rendered":"<p><a href=\"\/wp-content\/uploads\/2014\/01\/Referat-tr\u00e6nerm\u00f8de10092012.pdf\">Referat-tr\u00e6nerm\u00f8de10092012<\/a><\/p>\n<p><a href=\"\/wp-content\/uploads\/2014\/01\/Referat-12032012.pdf\">Referat 12032012<\/a><\/p>\n<p><a href=\"\/wp-content\/uploads\/2014\/01\/referat-11062012.pdf\">referat 11062012<\/a><\/p>\n<p><a href=\"\/wp-content\/uploads\/2014\/01\/referat-02022012.pdf\">referat 02022012<\/a><\/p>\n<p><a href=\"\/wp-content\/uploads\/2014\/01\/Lovforslags\u00e6ndringer.pdf\">Lovforslags\u00e6ndringer<\/a><\/p>\n<p><a href=\"\/wp-content\/uploads\/2014\/01\/indkaldelse-ordin\u00e6r-generalforsamling-2012.pdf\">indkaldelse ordin\u00e6r generalforsamling 2012<\/a><\/p>\n<p><a href=\"\/wp-content\/uploads\/2014\/01\/indkaldelse-medlemsm\u00f8de-og-ekstraordin\u00e6r-generalforsamling-250412.pdf\">indkaldelse medlemsm\u00f8de og ekstraordin\u00e6r generalforsamling 250412<\/a><\/p>\n<p><a href=\"\/wp-content\/uploads\/2014\/01\/generalforsamling-i-HvK-d.pdf\">generalforsamling i HvK d<\/a><\/p>\n<p><a href=\"\/wp-content\/uploads\/2014\/01\/Dagsorden10092012.pdf\">Dagsorden10092012<\/a><\/p>\n<p><a href=\"\/wp-content\/uploads\/2014\/01\/Dagsorden-og-referat-bestyrelsesm\u00f8de-20092012.pdf\">Dagsorden og referat bestyrelsesm\u00f8de 20092012<\/a><\/p>\n<p><a href=\"\/wp-content\/uploads\/2014\/01\/dagsorden-og-referat-12032012.pdf\">dagsorden og referat 12032012<\/a><\/p>\n<p><a href=\"\/wp-content\/uploads\/2014\/01\/dagsorden-12032012.pdf\">dagsorden 12032012<\/a><\/p>\n<p><a href=\"\/wp-content\/uploads\/2014\/01\/bestyrelsesm\u00f8de-110612.pdf\">bestyrelsesm\u00f8de 110612<\/a><\/p>\n<p><a href=\"\/wp-content\/uploads\/2013\/12\/referat-generalforsamling-i-HvK-d.-250412.pdf\">referat generalforsamling i HvK d. 250412<\/a><\/p>\n<p><a href=\"\/wp-content\/uploads\/2013\/12\/Lovforslags\u00e6ndringer.pdf\">Lovforslags\u00e6ndringer<\/a><\/p>\n<p><a href=\"\/wp-content\/uploads\/2013\/12\/indkaldelse-ordin\u00e6r-generalforsamling-2012.pdf\">indkaldelse ordin\u00e6r generalforsamling 2012<\/a><\/p>\n<p><a href=\"\/wp-content\/uploads\/2013\/12\/indkaldelse-medlemsm\u00f8de-og-ekstraordin\u00e6r-generalforsamling-250412.pdf\">indkaldelse medlemsm\u00f8de og ekstraordin\u00e6r generalforsamling 250412<\/a><\/p>\n<p><a href=\"\/wp-content\/uploads\/2013\/12\/bestyrelsesm\u00f8de-110612.pdf\">bestyrelsesm\u00f8de 110612<\/a><\/p>\n","protected":false},"excerpt":{"rendered":"<p>Referat-tr\u00e6nerm\u00f8de10092012 Referat 12032012 referat 11062012 referat 02022012 Lovforslags\u00e6ndringer indkaldelse ordin\u00e6r generalforsamling 2012 indkaldelse medlemsm\u00f8de og ekstraordin\u00e6r generalforsamling 250412 generalforsamling i HvK d Dagsorden10092012 Dagsorden og referat bestyrelsesm\u00f8de 20092012 dagsorden og referat 12032012 dagsorden 12032012 bestyrelsesm\u00f8de 110612 referat generalforsamling i HvK d. 250412 Lovforslags\u00e6ndringer indkaldelse ordin\u00e6r generalforsamling 2012 indkaldelse medlemsm\u00f8de og ekstraordin\u00e6r generalforsamling 250412 bestyrelsesm\u00f8de 110612<\/p>\n","protected":false},"author":1,"featured_media":0,"parent":0,"menu_order":0,"comment_status":"closed","ping_status":"closed","template":"template-full-width.php","meta":{"ngg_post_thumbnail":0,"footnotes":""},"class_list":["post-881","page","type-page","status-publish","hentry"],"_links":{"self":[{"href":"https:\/\/www.hvidovrekajakklub.dk\/index.php?rest_route=\/wp\/v2\/pages\/881","targetHints":{"allow":["GET"]}}],"collection":[{"href":"https:\/\/www.hvidovrekajakklub.dk\/index.php?rest_route=\/wp\/v2\/pages"}],"about":[{"href":"https:\/\/www.hvidovrekajakklub.dk\/index.php?rest_route=\/wp\/v2\/types\/page"}],"author":[{"embeddable":true,"href":"https:\/\/www.hvidovrekajakklub.dk\/index.php?rest_route=\/wp\/v2\/users\/1"}],"replies":[{"embeddable":true,"href":"https:\/\/www.hvidovrekajakklub.dk\/index.php?rest_route=%2Fwp%2Fv2%2Fcomments&post=881"}],"version-history":[{"count":6,"href":"https:\/\/www.hvidovrekajakklub.dk\/index.php?rest_route=\/wp\/v2\/pages\/881\/revisions"}],"predecessor-version":[{"id":1944,"href":"https:\/\/www.hvidovrekajakklub.dk\/index.php?rest_route=\/wp\/v2\/pages\/881\/revisions\/1944"}],"wp:attachment":[{"href":"https:\/\/www.hvidovrekajakklub.dk\/index.php?rest_route=%2Fwp%2Fv2%2Fmedia&parent=881"}],"curies":[{"name":"wp","href":"https:\/\/api.w.org\/{rel}","templated":true}]}}