{"id":83,"date":"2013-11-12T13:30:13","date_gmt":"2013-11-12T13:30:13","guid":{"rendered":"http:\/\/www.hvidovrekajakklub.dk\/?page_id=83"},"modified":"2022-11-23T09:52:32","modified_gmt":"2022-11-23T08:52:32","slug":"klubbens-historie","status":"publish","type":"page","link":"https:\/\/www.hvidovrekajakklub.dk\/?page_id=83","title":{"rendered":"Klubbens historie"},"content":{"rendered":"<p>Den nuv\u00e6rende Hvidovre Kajakklub, beliggende i Hvidovre Havn, blev indviet i 1976, men har r\u00f8dder l\u00e6ngere tilbage. Fem kajakklubber udg\u00f8r det fundament, som klubben er opbygget af: Hvidovre Kajak- og Kanoklub, S\u00f8nderstrand Kajakklub, kajakklubben Triton, Hvidovre Kajakklub Triton og S\u00f8nderstrand Kajakklub Triton.<\/p>\n<p>Hvidovre Kajak- og Kanoklub blev oprettet omkring 1930, S\u00f8nderstrand 20\/6 1927, Triton i 1933, Hvidovre Kajakklub Triton i 1948 og S\u00f8nderstrand Kajakklub Triton i 1967.<\/p>\n<h3>Meget kort fortalt:<\/h3>\n<p>Hvidovre Kajak- og Kanoklub\u00a0samt\u00a0Triton\u00a0havde vigende medlemstal, og slog sig i 1948 sammen under navnet\u00a0Hvidovre Kajakklub Triton. Klubbens tilholdssted blev det tr\u00e6hus Hvidovre Kajak- og Kanoklub havde p\u00e5 Hvidovre Strandvej mellem spejderhytten og fiskernes sm\u00e5 tr\u00e6huse. De sidste har m\u00e5ttet vige pladsen for et parcelhus.<\/p>\n<p>Da\u00a0S\u00f8nderstrand Kajakklub\u00a0af K\u00f8benhavns Kommune fik en opsigelse af lejem\u00e5let af den grund, deres klubhus l\u00e5 p\u00e5, lykkedes det at f\u00e5 klubberne Hvidovre Kajakklub Triton\u00a0og\u00a0S\u00f8nderstrand Kajakklub\u00a0sl\u00e5et sammen under navnet\u00a0S\u00f8nderstrand Kajakklub Triton. Navnet var dog kun interessant for de &#8220;gamle&#8221; medlemmer af SK og Triton, s\u00e5 i 1970 blev navnet \u00e6ndret til\u00a0Hvidovre Kajakklub &#8211; HvK.<\/p>\n<p><a href=\"https:\/\/www.hvidovrekajakklub.dk\/wp-content\/uploads\/2013\/11\/hvk_2.jpg\"><img loading=\"lazy\" decoding=\"async\" class=\" size-large wp-image-1754 aligncenter\" src=\"https:\/\/www.hvidovrekajakklub.dk\/wp-content\/uploads\/2013\/11\/hvk_2-1024x693.jpg\" alt=\"hvk_2\" width=\"565\" height=\"382\" srcset=\"https:\/\/www.hvidovrekajakklub.dk\/wp-content\/uploads\/2013\/11\/hvk_2-1024x693.jpg 1024w, https:\/\/www.hvidovrekajakklub.dk\/wp-content\/uploads\/2013\/11\/hvk_2-300x203.jpg 300w, https:\/\/www.hvidovrekajakklub.dk\/wp-content\/uploads\/2013\/11\/hvk_2-150x100.jpg 150w\" sizes=\"auto, (max-width: 565px) 100vw, 565px\" \/><\/a><\/p>\n<p>Huset l\u00e5 oprindeligt t\u00e6t ved vandet, men den opfyldning, der i dag udg\u00f8r Strandparken, havde gjort det til en tung og vanskelig aff\u00e6re at f\u00e5 b\u00e5dene i vandet. De skulle b\u00e6res temmelig langt, og det var et problem. Endvidere var huset ikke tidssvarende: Ingen varme, el eller vand, s\u00e5 det var et stort \u00f8nske at f\u00e5 bygget et nyt klubhus. Efter mange og sv\u00e6re forhandlinger med diverse myndigheder, lykkedes det i 1976.<\/p>\n<h3>Mere omfattende fort\u00e6llinger:<\/h3>\n<p>Der er gennem \u00e5rene udgivet nogle fremragende jubil\u00e6umsskrifter, som giver et rigtigt godt billede at kajakroning gennem tiderne i Danmark, med fokus p\u00e5 &#8220;vores klub&#8221;:<\/p>\n<p><a href=\"\/wp-content\/uploads\/2013\/jubskrifter\/Jubil\u00e6umsskrift%20Kajakklubben%20S\u00f8nderstrand.pdf\">Jubil\u00e6umsskrift Kajakklubben S\u00f8nderstrand<\/a>\u00a0(fra 1957)<\/p>\n<p><a href=\"\/wp-content\/uploads\/2013\/jubskrifter\/Hvidovre%20Kajakklub%201927-1987.pdf\">Hvidovre Kajakklub 1927-1987<\/a><\/p>\n<p><a href=\"\/wp-content\/uploads\/2013\/jubskrifter\/jubi2002.pdf\">jubi2002<\/a><\/p>\n<p>Her en <a href=\"https:\/\/www.hvidovrekajakklub.dk\/wp-content\/uploads\/2022\/11\/triton_1956.pdf\" target=\"_blank\" rel=\"noopener\">kort artikel fra Hvidovre Avis <\/a>16. maj 1956 om kajakklubben Tritons sk\u00e6bne.<\/p>\n<p>Herudover kan du l\u00e6se klubbens tidligere <a href=\"https:\/\/www.hvidovrekajakklub.dk\/?page_id=2505\">medlemsblad &#8220;Vandposten&#8221;<\/a> gennem en lang \u00e5rr\u00e6kke.<\/p>\n","protected":false},"excerpt":{"rendered":"<p>Den nuv\u00e6rende Hvidovre Kajakklub, beliggende i Hvidovre Havn, blev indviet i 1976, men har r\u00f8dder l\u00e6ngere tilbage. Fem kajakklubber udg\u00f8r det fundament, som klubben er opbygget af: Hvidovre Kajak- og Kanoklub, S\u00f8nderstrand Kajakklub, kajakklubben Triton, Hvidovre Kajakklub Triton og S\u00f8nderstrand Kajakklub Triton. Hvidovre Kajak- og Kanoklub blev oprettet omkring 1930, S\u00f8nderstrand 20\/6 1927, Triton i [&hellip;]<\/p>\n","protected":false},"author":1,"featured_media":0,"parent":0,"menu_order":0,"comment_status":"closed","ping_status":"open","template":"template-full-width.php","meta":{"ngg_post_thumbnail":0,"footnotes":""},"class_list":["post-83","page","type-page","status-publish","hentry"],"_links":{"self":[{"href":"https:\/\/www.hvidovrekajakklub.dk\/index.php?rest_route=\/wp\/v2\/pages\/83","targetHints":{"allow":["GET"]}}],"collection":[{"href":"https:\/\/www.hvidovrekajakklub.dk\/index.php?rest_route=\/wp\/v2\/pages"}],"about":[{"href":"https:\/\/www.hvidovrekajakklub.dk\/index.php?rest_route=\/wp\/v2\/types\/page"}],"author":[{"embeddable":true,"href":"https:\/\/www.hvidovrekajakklub.dk\/index.php?rest_route=\/wp\/v2\/users\/1"}],"replies":[{"embeddable":true,"href":"https:\/\/www.hvidovrekajakklub.dk\/index.php?rest_route=%2Fwp%2Fv2%2Fcomments&post=83"}],"version-history":[{"count":15,"href":"https:\/\/www.hvidovrekajakklub.dk\/index.php?rest_route=\/wp\/v2\/pages\/83\/revisions"}],"predecessor-version":[{"id":4356,"href":"https:\/\/www.hvidovrekajakklub.dk\/index.php?rest_route=\/wp\/v2\/pages\/83\/revisions\/4356"}],"wp:attachment":[{"href":"https:\/\/www.hvidovrekajakklub.dk\/index.php?rest_route=%2Fwp%2Fv2%2Fmedia&parent=83"}],"curies":[{"name":"wp","href":"https:\/\/api.w.org\/{rel}","templated":true}]}}