{"id":72,"date":"2013-11-12T13:25:03","date_gmt":"2013-11-12T13:25:03","guid":{"rendered":"http:\/\/www.hvidovrekajakklub.dk\/?page_id=72"},"modified":"2018-11-26T19:16:05","modified_gmt":"2018-11-26T18:16:05","slug":"faciliteter","status":"publish","type":"page","link":"https:\/\/www.hvidovrekajakklub.dk\/?page_id=72","title":{"rendered":"Faciliteter"},"content":{"rendered":"<p>Hvidovre Kajakklub (HvK) har masser af faciliteter til r\u00e5dighed for vores medlemmer. Klubben r\u00e5der over et stort sortiment af tr\u00e6ningsudstyr, bordtennis og kajakker der kan benyttes i\/ved klubben. Herunder kan du f\u00e5 n\u00e6rmere detaljer, om de tilbud der er til dig som medlem af klubben.<\/p>\n<h2>Generelt<\/h2>\n<p>Vores lokaler er udstyret med et dame- og herreomkl\u00e6dningsrum hvor der er mulighed for bad.<br \/>\nKlubben er ligeledes udstyret med et k\u00f8kken, hvor man kan tilberede mad til hyggeaftner eller f\u00e6lles arrangementer i klubben, som f.eks. onsdagshandicap i sommerperioden. Alle medlemmer har adgang til klublokalerne.<\/p>\n<h2>Tr\u00e6ningslokale<\/h2>\n<p>Klubben r\u00e5der over en samling tr\u00e6ningsudstyr, hvilket g\u00f8r det muligt for klubbens medlemmer enten at ro p\u00e5 ergometer, cykle p\u00e5 spinningscykler eller styrketr\u00e6ne.<\/p>\n<p>Tr\u00e6ningslokalet m\u00e5 benyttes af de medlemmer, der ikke er passive.<\/p>\n","protected":false},"excerpt":{"rendered":"<p>Hvidovre Kajakklub (HvK) har masser af faciliteter til r\u00e5dighed for vores medlemmer. Klubben r\u00e5der over et stort sortiment af tr\u00e6ningsudstyr, bordtennis og kajakker der kan benyttes i\/ved klubben. Herunder kan du f\u00e5 n\u00e6rmere detaljer, om de tilbud der er til dig som medlem af klubben. Generelt Vores lokaler er udstyret med et dame- og herreomkl\u00e6dningsrum [&hellip;]<\/p>\n","protected":false},"author":1,"featured_media":0,"parent":0,"menu_order":0,"comment_status":"closed","ping_status":"open","template":"template-full-width.php","meta":{"ngg_post_thumbnail":0,"footnotes":""},"class_list":["post-72","page","type-page","status-publish","hentry"],"_links":{"self":[{"href":"https:\/\/www.hvidovrekajakklub.dk\/index.php?rest_route=\/wp\/v2\/pages\/72","targetHints":{"allow":["GET"]}}],"collection":[{"href":"https:\/\/www.hvidovrekajakklub.dk\/index.php?rest_route=\/wp\/v2\/pages"}],"about":[{"href":"https:\/\/www.hvidovrekajakklub.dk\/index.php?rest_route=\/wp\/v2\/types\/page"}],"author":[{"embeddable":true,"href":"https:\/\/www.hvidovrekajakklub.dk\/index.php?rest_route=\/wp\/v2\/users\/1"}],"replies":[{"embeddable":true,"href":"https:\/\/www.hvidovrekajakklub.dk\/index.php?rest_route=%2Fwp%2Fv2%2Fcomments&post=72"}],"version-history":[{"count":8,"href":"https:\/\/www.hvidovrekajakklub.dk\/index.php?rest_route=\/wp\/v2\/pages\/72\/revisions"}],"predecessor-version":[{"id":3330,"href":"https:\/\/www.hvidovrekajakklub.dk\/index.php?rest_route=\/wp\/v2\/pages\/72\/revisions\/3330"}],"wp:attachment":[{"href":"https:\/\/www.hvidovrekajakklub.dk\/index.php?rest_route=%2Fwp%2Fv2%2Fmedia&parent=72"}],"curies":[{"name":"wp","href":"https:\/\/api.w.org\/{rel}","templated":true}]}}