{"id":69,"date":"2013-11-12T13:24:34","date_gmt":"2013-11-12T13:24:34","guid":{"rendered":"http:\/\/www.hvidovrekajakklub.dk\/?page_id=69"},"modified":"2024-11-07T18:16:04","modified_gmt":"2024-11-07T17:16:04","slug":"kontingentsatser","status":"publish","type":"page","link":"https:\/\/www.hvidovrekajakklub.dk\/?page_id=69","title":{"rendered":"Kontingentsatser"},"content":{"rendered":"<p>Kontingentsatser i Hvidovre Kajakklub&nbsp;fasts\u00e6ttes p\u00e5&nbsp;den \u00e5rlige generalforsamling.<br>Her er satserne, der blev vedtaget p\u00e5 ordin\u00e6r generalforsamling 30. oktober 2024. Satserne er g\u00e6ldende fra 1. januar 2024.<\/p>\n<table border=\"1\" cellspacing=\"6\">\n<tbody>\n<tr>\n<td>Pris pr. kvartal<\/td>\n<\/tr>\n<tr>\n<td>Barn (indtil 10 \u00e5r)<\/td>\n<td>Kr 205<\/td>\n<\/tr>\n<tr>\n<td>Ungdom\/junior (10 op til 18 \u00e5r)<\/td>\n<td>Kr 430<\/td>\n<\/tr>\n<tr>\n<td>Senior (fra 18 \u00e5r)<\/td>\n<td>Kr 605<\/td>\n<\/tr>\n<tr>\n<td>Delaktiv (lukket gruppe &#8211; ingen nye indmeldelser)<\/td>\n<td>Kr 302,5<\/td>\n<\/tr>\n<tr>\n<td>Passiv (\u00e5rligt)<\/td>\n<td>Kr 505<\/td>\n<\/tr>\n<tr>\n<td>Indmeldelsesgebyr<\/td>\n<td>Kr 200<\/td>\n<\/tr>\n<\/tbody>\n<\/table>\n<p><strong>V\u00e6r opm\u00e6rksom p\u00e5, at man som passivt medlem efter klubbens love har ret til v\u00e6re i klublokalerne og deltage i klubbens liv &#8211; men man her IKKE ret til at ro eller benytte tr\u00e6ningsfaciliteterne.<\/strong><\/p>\n<p><strong>Den lukkede gruppe &#8220;Delaktiv&#8221; har samme rettigheder som aktive medlemmer bortset fra, at de ikke m\u00e5 ro eller have en b\u00e5dplads.<\/strong><\/p>\n<p>N\u00f8gle kan f\u00f8rst erhverves, n\u00e5r man er fyldt 15 \u00e5r og er frigivet, medmindre bestyrelsen har angivet andet jf. klubbens n\u00f8glereglement. Der skal betales et gebyr p\u00e5 kr. 100,00 pr. n\u00f8gle.<\/p>\n\n\n<p><\/p>\n","protected":false},"excerpt":{"rendered":"<p>Kontingentsatser i Hvidovre Kajakklub&nbsp;fasts\u00e6ttes p\u00e5&nbsp;den \u00e5rlige generalforsamling.Her er satserne, der blev vedtaget p\u00e5 ordin\u00e6r generalforsamling 30. oktober 2024. Satserne er g\u00e6ldende fra 1. januar 2024. Pris pr. kvartal Barn (indtil 10 \u00e5r) Kr 205 Ungdom\/junior (10 op til 18 \u00e5r) Kr 430 Senior (fra 18 \u00e5r) Kr 605 Delaktiv (lukket gruppe &#8211; ingen nye indmeldelser) [&hellip;]<\/p>\n","protected":false},"author":1,"featured_media":0,"parent":0,"menu_order":0,"comment_status":"closed","ping_status":"open","template":"template-full-width.php","meta":{"ngg_post_thumbnail":0,"footnotes":""},"class_list":["post-69","page","type-page","status-publish","hentry"],"_links":{"self":[{"href":"https:\/\/www.hvidovrekajakklub.dk\/index.php?rest_route=\/wp\/v2\/pages\/69","targetHints":{"allow":["GET"]}}],"collection":[{"href":"https:\/\/www.hvidovrekajakklub.dk\/index.php?rest_route=\/wp\/v2\/pages"}],"about":[{"href":"https:\/\/www.hvidovrekajakklub.dk\/index.php?rest_route=\/wp\/v2\/types\/page"}],"author":[{"embeddable":true,"href":"https:\/\/www.hvidovrekajakklub.dk\/index.php?rest_route=\/wp\/v2\/users\/1"}],"replies":[{"embeddable":true,"href":"https:\/\/www.hvidovrekajakklub.dk\/index.php?rest_route=%2Fwp%2Fv2%2Fcomments&post=69"}],"version-history":[{"count":18,"href":"https:\/\/www.hvidovrekajakklub.dk\/index.php?rest_route=\/wp\/v2\/pages\/69\/revisions"}],"predecessor-version":[{"id":5546,"href":"https:\/\/www.hvidovrekajakklub.dk\/index.php?rest_route=\/wp\/v2\/pages\/69\/revisions\/5546"}],"wp:attachment":[{"href":"https:\/\/www.hvidovrekajakklub.dk\/index.php?rest_route=%2Fwp%2Fv2%2Fmedia&parent=69"}],"curies":[{"name":"wp","href":"https:\/\/api.w.org\/{rel}","templated":true}]}}