{"id":66,"date":"2013-11-12T13:24:12","date_gmt":"2013-11-12T13:24:12","guid":{"rendered":"http:\/\/www.hvidovrekajakklub.dk\/?page_id=66"},"modified":"2017-09-03T15:51:07","modified_gmt":"2017-09-03T14:51:07","slug":"instruktion","status":"publish","type":"page","link":"https:\/\/www.hvidovrekajakklub.dk\/?page_id=66","title":{"rendered":"Voksen instruktion"},"content":{"rendered":"<p>Hvidovre Kajakklub (HvK) best\u00e5r af en bred gruppe medlemmer, hvor der er mange muligheder, via f\u00e6llesskabet i klubben, at f.eks. at komme p\u00e5 ture, deltage i arrangementer og mange andre ting.<\/p>\n<h2>Vil du starte p\u00e5 et instruktionshold og blive medlem?<\/h2>\n<p>Hvis du er parat til at indg\u00e5 i kajakf\u00e6llesskabet &#8220;Hvidovre Kajakklub&#8221;, som ikke kun er et uddannelsessted for kajakroning (det er vi ogs\u00e5), men vi kan ikke sammenlignes med et fitnesscenter med l\u00f8nnede ansatte, da vi er en sportsklub p\u00e5 frivillig basis, s\u00e5 er vi m\u00e5ske noget for dig. Udover du skal v\u00e6re parat til at indg\u00e5 i f\u00e6llesskabet forventer vi ogs\u00e5, at du vil deltage i klubbens sociale liv og hj\u00e6lpe til, hvis der er behov for det.<\/p>\n<p>Er du stadig interesseret i at begynde p\u00e5 et instruktionshold i Hvidovre Kajakklub, vil vi anbefale at du l\u00e6ser <a title=\"Krav til f\u00e6rdigheder\" href=\"https:\/\/www.hvidovrekajakklub.dk\/?page_id=99\">kravene til f\u00e6rdighederne<\/a>\u00a0<strong>grundigt igennem<\/strong>, inden du tilmelder dig. Du er ogs\u00e5 velkommen til at kontakte os, hvis du skulle havde flere sp\u00f8rgsm\u00e5l. Instruktionsforl\u00f8bet er beskrevet <a title=\"Instruktionsforl\u00f8b\" href=\"https:\/\/www.hvidovrekajakklub.dk\/?page_id=102\">her.<\/a>\u00a0N\u00e5r du s\u00e5 p\u00e5 et tidspunkt skal ud at ro,\u00a0kan du have gl\u00e6de af siden <a title=\"Praktiske oplysninger\" href=\"https:\/\/www.hvidovrekajakklub.dk\/?page_id=96\">praktiske oplysninger<\/a>.<\/p>\n<h2>Frigivet fra en anden kajakklub?<\/h2>\n<p>Hvis du er blevet frigivet\/friroret fra en anden kajakklub under Dansk Kano- og Kajakforbund skal man ikke igennem endnu et instruktionsforl\u00f8b for, at blive medlem. Du skal kontakte Peter, hvor du s\u00e5 bliver indmeldt efter en gennemf\u00f8rt og best\u00e5et entringspr\u00f8ve, der bliver kr\u00e6vet af alle nye medlemmer pga. klubbens sikkerhedspolitik.<\/p>\n<h2>Tilmelding?<\/h2>\n<p>Hvis du \u00f8nsker at tilmelde dig instruktion skal du g\u00f8re det via denne formular:\u00a0<a href=\"https:\/\/goo.gl\/forms\/bIJXsAaKRbh8obMD3\" target=\"_blank\" rel=\"noopener\">Tilmelding til vokseninstruktion i Hvidovre Kajakklub<\/a>.<\/p>\n","protected":false},"excerpt":{"rendered":"<p>Hvidovre Kajakklub (HvK) best\u00e5r af en bred gruppe medlemmer, hvor der er mange muligheder, via f\u00e6llesskabet i klubben, at f.eks. at komme p\u00e5 ture, deltage i arrangementer og mange andre ting. Vil du starte p\u00e5 et instruktionshold og blive medlem? Hvis du er parat til at indg\u00e5 i kajakf\u00e6llesskabet &#8220;Hvidovre Kajakklub&#8221;, som ikke kun er [&hellip;]<\/p>\n","protected":false},"author":1,"featured_media":0,"parent":0,"menu_order":0,"comment_status":"closed","ping_status":"open","template":"template-full-width.php","meta":{"ngg_post_thumbnail":0,"footnotes":""},"class_list":["post-66","page","type-page","status-publish","hentry"],"_links":{"self":[{"href":"https:\/\/www.hvidovrekajakklub.dk\/index.php?rest_route=\/wp\/v2\/pages\/66","targetHints":{"allow":["GET"]}}],"collection":[{"href":"https:\/\/www.hvidovrekajakklub.dk\/index.php?rest_route=\/wp\/v2\/pages"}],"about":[{"href":"https:\/\/www.hvidovrekajakklub.dk\/index.php?rest_route=\/wp\/v2\/types\/page"}],"author":[{"embeddable":true,"href":"https:\/\/www.hvidovrekajakklub.dk\/index.php?rest_route=\/wp\/v2\/users\/1"}],"replies":[{"embeddable":true,"href":"https:\/\/www.hvidovrekajakklub.dk\/index.php?rest_route=%2Fwp%2Fv2%2Fcomments&post=66"}],"version-history":[{"count":21,"href":"https:\/\/www.hvidovrekajakklub.dk\/index.php?rest_route=\/wp\/v2\/pages\/66\/revisions"}],"predecessor-version":[{"id":2965,"href":"https:\/\/www.hvidovrekajakklub.dk\/index.php?rest_route=\/wp\/v2\/pages\/66\/revisions\/2965"}],"wp:attachment":[{"href":"https:\/\/www.hvidovrekajakklub.dk\/index.php?rest_route=%2Fwp%2Fv2%2Fmedia&parent=66"}],"curies":[{"name":"wp","href":"https:\/\/api.w.org\/{rel}","templated":true}]}}