{"id":5569,"date":"2025-03-21T11:23:19","date_gmt":"2025-03-21T10:23:19","guid":{"rendered":"https:\/\/www.hvidovrekajakklub.dk\/?page_id=5569"},"modified":"2025-10-19T17:05:31","modified_gmt":"2025-10-19T16:05:31","slug":"2025-2","status":"publish","type":"page","link":"https:\/\/www.hvidovrekajakklub.dk\/?page_id=5569","title":{"rendered":"2025"},"content":{"rendered":"\n<p><a href=\"https:\/\/www.hvidovrekajakklub.dk\/wp-content\/uploads\/2025\/10\/dagsorden_GF_2025.pdf\" target=\"_blank\" rel=\"noreferrer noopener\">Dagsorden generalforsamling 2025<\/a><\/p>\n\n\n\n<p><a href=\"https:\/\/www.hvidovrekajakklub.dk\/wp-content\/uploads\/2025\/10\/kassererens_beretning.pdf\" target=\"_blank\" rel=\"noreferrer noopener\">Kassererens beretning 2025<\/a><\/p>\n\n\n\n<p><a href=\"https:\/\/www.hvidovrekajakklub.dk\/wp-content\/uploads\/2025\/10\/Aarsregnskab_mm_2024.pdf\" target=\"_blank\" rel=\"noreferrer noopener\">\u00c5rsregnskab 2024<\/a><\/p>\n\n\n\n<p><a href=\"https:\/\/www.hvidovrekajakklub.dk\/wp-content\/uploads\/2025\/09\/BM_110925.pdf\" target=\"_blank\" rel=\"noreferrer noopener\">Dagsorden og referat 11-09-2025<\/a><\/p>\n\n\n\n<p><a href=\"https:\/\/www.hvidovrekajakklub.dk\/wp-content\/uploads\/2025\/09\/REF_BM_110925.pdf\" target=\"_blank\" rel=\"noreferrer noopener\">Referat bestyrelsesm\u00f8de 05-08-2025<\/a><\/p>\n\n\n\n<p><a href=\"https:\/\/www.hvidovrekajakklub.dk\/wp-content\/uploads\/2025\/06\/Ref_BM_02062025.pdf\" target=\"_blank\" rel=\"noreferrer noopener\">Referat bestyrelsesm\u00f8de 02-06-2025<\/a><\/p>\n\n\n\n<p><a href=\"https:\/\/www.hvidovrekajakklub.dk\/wp-content\/uploads\/2025\/05\/Ref_medl_moede_2025.pdf\" target=\"_blank\" rel=\"noreferrer noopener\">Referat medlemsm\u00f8de 2025<\/a><\/p>\n\n\n\n<p><a href=\"https:\/\/www.hvidovrekajakklub.dk\/wp-content\/uploads\/2025\/03\/BRef_18032025.pdf\" target=\"_blank\" rel=\"noreferrer noopener\">Referat bestyrelsesm\u00f8de 18-02-2025<\/a><\/p>\n\n\n\n<p><\/p>\n","protected":false},"excerpt":{"rendered":"<p>Dagsorden generalforsamling 2025 Kassererens beretning 2025 \u00c5rsregnskab 2024 Dagsorden og referat 11-09-2025 Referat bestyrelsesm\u00f8de 05-08-2025 Referat bestyrelsesm\u00f8de 02-06-2025 Referat medlemsm\u00f8de 2025 Referat bestyrelsesm\u00f8de 18-02-2025<\/p>\n","protected":false},"author":1,"featured_media":0,"parent":0,"menu_order":0,"comment_status":"closed","ping_status":"closed","template":"","meta":{"ngg_post_thumbnail":0,"footnotes":""},"class_list":["post-5569","page","type-page","status-publish","hentry"],"_links":{"self":[{"href":"https:\/\/www.hvidovrekajakklub.dk\/index.php?rest_route=\/wp\/v2\/pages\/5569","targetHints":{"allow":["GET"]}}],"collection":[{"href":"https:\/\/www.hvidovrekajakklub.dk\/index.php?rest_route=\/wp\/v2\/pages"}],"about":[{"href":"https:\/\/www.hvidovrekajakklub.dk\/index.php?rest_route=\/wp\/v2\/types\/page"}],"author":[{"embeddable":true,"href":"https:\/\/www.hvidovrekajakklub.dk\/index.php?rest_route=\/wp\/v2\/users\/1"}],"replies":[{"embeddable":true,"href":"https:\/\/www.hvidovrekajakklub.dk\/index.php?rest_route=%2Fwp%2Fv2%2Fcomments&post=5569"}],"version-history":[{"count":7,"href":"https:\/\/www.hvidovrekajakklub.dk\/index.php?rest_route=\/wp\/v2\/pages\/5569\/revisions"}],"predecessor-version":[{"id":5697,"href":"https:\/\/www.hvidovrekajakklub.dk\/index.php?rest_route=\/wp\/v2\/pages\/5569\/revisions\/5697"}],"wp:attachment":[{"href":"https:\/\/www.hvidovrekajakklub.dk\/index.php?rest_route=%2Fwp%2Fv2%2Fmedia&parent=5569"}],"curies":[{"name":"wp","href":"https:\/\/api.w.org\/{rel}","templated":true}]}}