{"id":52,"date":"2013-11-12T13:11:43","date_gmt":"2013-11-12T13:11:43","guid":{"rendered":"http:\/\/www.hvidovrekajakklub.dk\/?page_id=52"},"modified":"2016-02-17T09:09:16","modified_gmt":"2016-02-17T08:09:16","slug":"handikap","status":"publish","type":"page","link":"https:\/\/www.hvidovrekajakklub.dk\/?page_id=52","title":{"rendered":"Handicapoversigt"},"content":{"rendered":"<h1>Hvorn\u00e5r?<\/h1>\n<p>I ros\u00e6sonen ror vi Handikapl\u00f8b om onsdagen kl. 18:30, med mindre starttiden er \u00e6ndret pga. m\u00f8rke.<\/p>\n<h1>Hvordan?<\/h1>\n<p>Handikapl\u00f8bet er indrettet s\u00e5dan, at alle deltagere starter efter hvor hurtige de er, og i princippet kommer alle s\u00e5ledes samlet i m\u00e5l.<\/p>\n<h1>Bagefter&#8230;<\/h1>\n<p>&#8211; griller vi hver vores medbragte mad, og hygger os!<\/p>\n<p>S\u00e6sonens vinder er den deltager, der samlet har f\u00e5et flest point.<\/p>\n","protected":false},"excerpt":{"rendered":"<p>Hvorn\u00e5r? I ros\u00e6sonen ror vi Handikapl\u00f8b om onsdagen kl. 18:30, med mindre starttiden er \u00e6ndret pga. m\u00f8rke. Hvordan? Handikapl\u00f8bet er indrettet s\u00e5dan, at alle deltagere starter efter hvor hurtige de er, og i princippet kommer alle s\u00e5ledes samlet i m\u00e5l. Bagefter&#8230; &#8211; griller vi hver vores medbragte mad, og hygger os! S\u00e6sonens vinder er den [&hellip;]<\/p>\n","protected":false},"author":1,"featured_media":0,"parent":0,"menu_order":0,"comment_status":"closed","ping_status":"open","template":"template-full-width.php","meta":{"ngg_post_thumbnail":0,"footnotes":""},"class_list":["post-52","page","type-page","status-publish","hentry"],"_links":{"self":[{"href":"https:\/\/www.hvidovrekajakklub.dk\/index.php?rest_route=\/wp\/v2\/pages\/52","targetHints":{"allow":["GET"]}}],"collection":[{"href":"https:\/\/www.hvidovrekajakklub.dk\/index.php?rest_route=\/wp\/v2\/pages"}],"about":[{"href":"https:\/\/www.hvidovrekajakklub.dk\/index.php?rest_route=\/wp\/v2\/types\/page"}],"author":[{"embeddable":true,"href":"https:\/\/www.hvidovrekajakklub.dk\/index.php?rest_route=\/wp\/v2\/users\/1"}],"replies":[{"embeddable":true,"href":"https:\/\/www.hvidovrekajakklub.dk\/index.php?rest_route=%2Fwp%2Fv2%2Fcomments&post=52"}],"version-history":[{"count":5,"href":"https:\/\/www.hvidovrekajakklub.dk\/index.php?rest_route=\/wp\/v2\/pages\/52\/revisions"}],"predecessor-version":[{"id":2364,"href":"https:\/\/www.hvidovrekajakklub.dk\/index.php?rest_route=\/wp\/v2\/pages\/52\/revisions\/2364"}],"wp:attachment":[{"href":"https:\/\/www.hvidovrekajakklub.dk\/index.php?rest_route=%2Fwp%2Fv2%2Fmedia&parent=52"}],"curies":[{"name":"wp","href":"https:\/\/api.w.org\/{rel}","templated":true}]}}