{"id":49,"date":"2013-11-12T13:11:25","date_gmt":"2013-11-12T13:11:25","guid":{"rendered":"http:\/\/www.hvidovrekajakklub.dk\/?page_id=49"},"modified":"2016-02-17T11:23:38","modified_gmt":"2016-02-17T10:23:38","slug":"motion","status":"publish","type":"page","link":"https:\/\/www.hvidovrekajakklub.dk\/?page_id=49","title":{"rendered":"Andre aktiviteter"},"content":{"rendered":"<div id=\"PageGrid_Content_divTopImage\"><\/div>\n<div>Her kan du finde informationer om aktiviteter, som klubben arranger udover kajakroning.<\/div>\n<div>Hvidovre Kajakklub arranger hvert \u00e5r, den sidste l\u00f8rdag i oktober &#8220;Kalveboderne Rundt&#8221;, som er et motionsl\u00f8b for l\u00f8beglade i alle aldre.<\/div>\n<div><\/div>\n<div>Hvidovre Kajakklub er medlem ad Danmarks Skiforbund, hvilket flere medlemmer drager nytte af.<\/div>\n<div><\/div>\n<div>Orienteringsl\u00f8b afholdes den f\u00f8rste s\u00f8ndag i hver m\u00e5ned fra oktober-april. L\u00f8bene afholdes DkF\u00b4s o-l\u00f8bsklub.<\/div>\n<div><\/div>\n<div>Mere information findes under de enkelte faner.<\/div>\n<p>&nbsp;<\/p>\n","protected":false},"excerpt":{"rendered":"<p>Her kan du finde informationer om aktiviteter, som klubben arranger udover kajakroning. Hvidovre Kajakklub arranger hvert \u00e5r, den sidste l\u00f8rdag i oktober &#8220;Kalveboderne Rundt&#8221;, som er et motionsl\u00f8b for l\u00f8beglade i alle aldre. Hvidovre Kajakklub er medlem ad Danmarks Skiforbund, hvilket flere medlemmer drager nytte af. Orienteringsl\u00f8b afholdes den f\u00f8rste s\u00f8ndag i hver m\u00e5ned fra [&hellip;]<\/p>\n","protected":false},"author":1,"featured_media":0,"parent":0,"menu_order":0,"comment_status":"closed","ping_status":"open","template":"template-full-width.php","meta":{"ngg_post_thumbnail":0,"footnotes":""},"class_list":["post-49","page","type-page","status-publish","hentry"],"_links":{"self":[{"href":"https:\/\/www.hvidovrekajakklub.dk\/index.php?rest_route=\/wp\/v2\/pages\/49","targetHints":{"allow":["GET"]}}],"collection":[{"href":"https:\/\/www.hvidovrekajakklub.dk\/index.php?rest_route=\/wp\/v2\/pages"}],"about":[{"href":"https:\/\/www.hvidovrekajakklub.dk\/index.php?rest_route=\/wp\/v2\/types\/page"}],"author":[{"embeddable":true,"href":"https:\/\/www.hvidovrekajakklub.dk\/index.php?rest_route=\/wp\/v2\/users\/1"}],"replies":[{"embeddable":true,"href":"https:\/\/www.hvidovrekajakklub.dk\/index.php?rest_route=%2Fwp%2Fv2%2Fcomments&post=49"}],"version-history":[{"count":8,"href":"https:\/\/www.hvidovrekajakklub.dk\/index.php?rest_route=\/wp\/v2\/pages\/49\/revisions"}],"predecessor-version":[{"id":2428,"href":"https:\/\/www.hvidovrekajakklub.dk\/index.php?rest_route=\/wp\/v2\/pages\/49\/revisions\/2428"}],"wp:attachment":[{"href":"https:\/\/www.hvidovrekajakklub.dk\/index.php?rest_route=%2Fwp%2Fv2%2Fmedia&parent=49"}],"curies":[{"name":"wp","href":"https:\/\/api.w.org\/{rel}","templated":true}]}}