{"id":3263,"date":"2018-08-26T16:45:25","date_gmt":"2018-08-26T15:45:25","guid":{"rendered":"http:\/\/www.hvidovrekajakklub.dk\/?page_id=3263"},"modified":"2019-12-31T17:07:38","modified_gmt":"2019-12-31T16:07:38","slug":"oversigt-over-klubbens-kajakker","status":"publish","type":"page","link":"https:\/\/www.hvidovrekajakklub.dk\/?page_id=3263","title":{"rendered":"Oversigt over klubbens kajakker"},"content":{"rendered":"<p>Her kan du finde en oversigt over alle klubbens kajakker inkl. sv\u00e6rhedsgrad, bredde, producent, model, hvem den er egent til osv. Listen bliver opdateret en gang om \u00e5ret &#8211; lige f\u00f8r s\u00e6sonstart. Listen kan ogs\u00e5 findes i klubben.<\/p>\n<p><a href=\"https:\/\/www.hvidovrekajakklub.dk\/wp-content\/uploads\/2019\/12\/Kategorisering-af-kajakker_041118_hjemmeside-1.pdf\">Kategorisering af kajakker<\/a><\/p>\n","protected":false},"excerpt":{"rendered":"<p>Her kan du finde en oversigt over alle klubbens kajakker inkl. sv\u00e6rhedsgrad, bredde, producent, model, hvem den er egent til osv. Listen bliver opdateret en gang om \u00e5ret &#8211; lige f\u00f8r s\u00e6sonstart. Listen kan ogs\u00e5 findes i klubben. Kategorisering af kajakker<\/p>\n","protected":false},"author":455,"featured_media":0,"parent":0,"menu_order":0,"comment_status":"closed","ping_status":"closed","template":"","meta":{"ngg_post_thumbnail":0,"footnotes":""},"class_list":["post-3263","page","type-page","status-publish","hentry"],"_links":{"self":[{"href":"https:\/\/www.hvidovrekajakklub.dk\/index.php?rest_route=\/wp\/v2\/pages\/3263","targetHints":{"allow":["GET"]}}],"collection":[{"href":"https:\/\/www.hvidovrekajakklub.dk\/index.php?rest_route=\/wp\/v2\/pages"}],"about":[{"href":"https:\/\/www.hvidovrekajakklub.dk\/index.php?rest_route=\/wp\/v2\/types\/page"}],"author":[{"embeddable":true,"href":"https:\/\/www.hvidovrekajakklub.dk\/index.php?rest_route=\/wp\/v2\/users\/455"}],"replies":[{"embeddable":true,"href":"https:\/\/www.hvidovrekajakklub.dk\/index.php?rest_route=%2Fwp%2Fv2%2Fcomments&post=3263"}],"version-history":[{"count":9,"href":"https:\/\/www.hvidovrekajakklub.dk\/index.php?rest_route=\/wp\/v2\/pages\/3263\/revisions"}],"predecessor-version":[{"id":3648,"href":"https:\/\/www.hvidovrekajakklub.dk\/index.php?rest_route=\/wp\/v2\/pages\/3263\/revisions\/3648"}],"wp:attachment":[{"href":"https:\/\/www.hvidovrekajakklub.dk\/index.php?rest_route=%2Fwp%2Fv2%2Fmedia&parent=3263"}],"curies":[{"name":"wp","href":"https:\/\/api.w.org\/{rel}","templated":true}]}}