{"id":324,"date":"2013-12-15T19:38:56","date_gmt":"2013-12-15T19:38:56","guid":{"rendered":"http:\/\/www.hvidovrekajakklub.dk\/?page_id=324"},"modified":"2024-11-24T19:36:52","modified_gmt":"2024-11-24T18:36:52","slug":"love-og-r","status":"publish","type":"page","link":"https:\/\/www.hvidovrekajakklub.dk\/?page_id=324","title":{"rendered":"Love og reglementer"},"content":{"rendered":"<p>Klubhuset og klubbens omr\u00e5de er forbeholdt medlemmer af HvK samt de g\u00e6ster, der er inviteret. I klubhuset er rygning, e-cigaretter og benyttelse af snus ikke tilladt.<\/p>\n<p><a href=\"https:\/\/docs.google.com\/document\/d\/1I2VJtH9h05SiStd76FwNksU2UFiFBYY6slDjxPiEgqI\/edit?usp=drive_link\" target=\"_blank\" rel=\"noopener\">Love for Hvidovre kajakklub<\/a><\/p>\n<p><a href=\"http:\/\/kano-kajak.org\/klubbensledelse\/sikkerhed\/sikkerhedsbestemmelser\/\" target=\"_blank\" rel=\"noopener noreferrer\">Sikkerhedsbestemmelser for Dansk Kano og Kajak Forbund<\/a><\/p>\n<p><a href=\"https:\/\/docs.google.com\/document\/d\/15NyHW5PSpBnDU6GL12EVtF7auE9_ji1qYx0upPWFIQ4\/edit?usp=sharing\" target=\"_blank\" rel=\"noopener noreferrer\">Sikkerhedsreglement for HvK<\/a><\/p>\n<p><a href=\"https:\/\/docs.google.com\/document\/d\/1j0H4_6J8HpdwfmtSd4_wwk-SyqXM6O45wz6_pUxW814\/edit?usp=sharing\" target=\"_blank\" rel=\"noopener noreferrer\">Samv\u00e6rsreglement, herunder indhentning af b\u00f8rneattest, og regler for arbejdet med b\u00f8rn og unge<\/a><\/p>\n<p><a href=\"https:\/\/docs.google.com\/document\/d\/1ZfsR5cIw1LCSK-Fpj-nk6i-kcqkygY76YJmt8ejJZTA\/edit?usp=sharing\" target=\"_blank\" rel=\"noopener noreferrer\">Ordensreglement<\/a><\/p>\n<p><a href=\"https:\/\/docs.google.com\/document\/d\/1sdysQQTdpdWmxyU7PDd-0EalD6bYe0tfoo1fN8HH7KA\/edit?usp=sharing\" target=\"_blank\" rel=\"noopener noreferrer\">N\u00f8glereglement<\/a><\/p>\n<p><a href=\"https:\/\/docs.google.com\/document\/d\/10nYSfwlTLXuqjWpPbPJNbWF6xHa-j-OyHbm7gWoZeYs\/edit?usp=sharing\" target=\"_blank\" rel=\"noopener noreferrer\">Fuldbefarent medlem<\/a><\/p>\n<p><a href=\"\/wp-content\/uploads\/2013\/12\/fredningsbestemmelser_kalveboderne.pdf\" target=\"_blank\" rel=\"noopener noreferrer\">Fredningsbestemmelser for kalveboderne<\/a><\/p>\n<p><a href=\"https:\/\/docs.google.com\/document\/d\/1t4oezx_vP9G8-1GKOab5QXZl43AffHEriR3elh6XxqQ\/edit?usp=sharing\" target=\"_blank\" rel=\"noopener noreferrer\">Dopingpolitik<\/a><\/p>\n<p><a href=\"https:\/\/docs.google.com\/document\/d\/1n-tTs5v8VH5hVnB26VH05As-WVDJeaK86lpFB-tKEkU\/edit?usp=sharing\" target=\"_blank\" rel=\"noopener noreferrer\">B\u00e5dudvalgets arbejde<\/a><\/p>\n<p><a href=\"https:\/\/docs.google.com\/document\/d\/11DE542XSDw6_5cjUFJINeyeiin0VA2xad5INzBbTEtk\/edit?usp=sharing\" target=\"_blank\" rel=\"noopener noreferrer\">B\u00e5dreglement<\/a><\/p>\n<p><a href=\"https:\/\/docs.google.com\/document\/d\/1v98f0Gu_lEuna1rGP9-kshR2wHEzG_fA03fgCmjlv9Q\/edit?usp=sharing\" target=\"_blank\" rel=\"noopener noreferrer\">B\u00e5dpladsreglement for HvK<\/a><\/p>\n<p><a href=\"https:\/\/docs.google.com\/document\/d\/1bCBYQbhvDNkrjOhTx2spnTJjkobIbGCaKw-zp4cMpEc\/edit?usp=sharing\" target=\"_blank\" rel=\"noopener noreferrer\">Brug_af_HvK_til_div_arrangementer<\/a><\/p>\n<p><a href=\"https:\/\/docs.google.com\/document\/d\/1jfrpO1zhbvinZtjVjLcOrhlbDq982-hnGYdf9y_X4xs\/edit?usp=sharing\" target=\"_blank\" rel=\"noopener noreferrer\">Alkoholpolitik<\/a><\/p>\n<p><a href=\"https:\/\/www.antidoping.dk\/media\/1365\/dopingslisten_2020.pdf\">Dopinglisten 2020<\/a><\/p>\n<p><a href=\"https:\/\/drive.google.com\/file\/d\/1p3alyJ-3-wyx-gBsD1CNAyFluvR8Lrzi\/view?usp=sharing\">Sikkerhedsinstruks ved Poloarrangementer<\/a><\/p>\n<p><a href=\"https:\/\/www.kano-kajak.dk\/klubbensledelse\/sikkerhed\/sikkerhedsbestemmelser\/\">Sikkerhedsbestemmelser fra DKF<\/a><\/p>\n<h2>Blanketter<\/h2>\n<p><a href=\"https:\/\/drive.google.com\/open?id=1ye7u5Df81Ytpj4sHENSjmNszzWLK-GJr\" target=\"_blank\" rel=\"noopener noreferrer\">Indmeldelsesblanket<\/a><\/p>\n","protected":false},"excerpt":{"rendered":"<p>Klubhuset og klubbens omr\u00e5de er forbeholdt medlemmer af HvK samt de g\u00e6ster, der er inviteret. I klubhuset er rygning, e-cigaretter og benyttelse af snus ikke tilladt. Love for Hvidovre kajakklub Sikkerhedsbestemmelser for Dansk Kano og Kajak Forbund Sikkerhedsreglement for HvK Samv\u00e6rsreglement, herunder indhentning af b\u00f8rneattest, og regler for arbejdet med b\u00f8rn og unge Ordensreglement N\u00f8glereglement [&hellip;]<\/p>\n","protected":false},"author":1,"featured_media":0,"parent":0,"menu_order":0,"comment_status":"closed","ping_status":"closed","template":"template-full-width.php","meta":{"ngg_post_thumbnail":0,"footnotes":""},"class_list":["post-324","page","type-page","status-publish","hentry"],"_links":{"self":[{"href":"https:\/\/www.hvidovrekajakklub.dk\/index.php?rest_route=\/wp\/v2\/pages\/324","targetHints":{"allow":["GET"]}}],"collection":[{"href":"https:\/\/www.hvidovrekajakklub.dk\/index.php?rest_route=\/wp\/v2\/pages"}],"about":[{"href":"https:\/\/www.hvidovrekajakklub.dk\/index.php?rest_route=\/wp\/v2\/types\/page"}],"author":[{"embeddable":true,"href":"https:\/\/www.hvidovrekajakklub.dk\/index.php?rest_route=\/wp\/v2\/users\/1"}],"replies":[{"embeddable":true,"href":"https:\/\/www.hvidovrekajakklub.dk\/index.php?rest_route=%2Fwp%2Fv2%2Fcomments&post=324"}],"version-history":[{"count":66,"href":"https:\/\/www.hvidovrekajakklub.dk\/index.php?rest_route=\/wp\/v2\/pages\/324\/revisions"}],"predecessor-version":[{"id":5551,"href":"https:\/\/www.hvidovrekajakklub.dk\/index.php?rest_route=\/wp\/v2\/pages\/324\/revisions\/5551"}],"wp:attachment":[{"href":"https:\/\/www.hvidovrekajakklub.dk\/index.php?rest_route=%2Fwp%2Fv2%2Fmedia&parent=324"}],"curies":[{"name":"wp","href":"https:\/\/api.w.org\/{rel}","templated":true}]}}