{"id":3188,"date":"2018-06-16T10:26:16","date_gmt":"2018-06-16T09:26:16","guid":{"rendered":"http:\/\/www.hvidovrekajakklub.dk\/?page_id=3188"},"modified":"2018-08-25T08:58:30","modified_gmt":"2018-08-25T07:58:30","slug":"dataregistrering","status":"publish","type":"page","link":"https:\/\/www.hvidovrekajakklub.dk\/?page_id=3188","title":{"rendered":"Dataregistrering"},"content":{"rendered":"<p>Registreringer i HvK:<\/p>\n<p><a href=\"https:\/\/docs.google.com\/document\/d\/1tGwcJ3ARWoxoR2jRdk1NO4j2gTa7bkDW5-FJNp0Tceg\/edit?usp=sharing\" target=\"_blank\" rel=\"noopener\">Privatlivspolitik for Hvidovre Kajakklub<\/a><\/p>\n<p><a href=\"https:\/\/docs.google.com\/document\/d\/1CXUdVjcO533pgJZ2lw2RP-UY_buzNzRi_OtxMqFPhDk\/edit?usp=sharing\" target=\"_blank\" rel=\"noopener\">Fortegnelsespligten<\/a><\/p>\n<p><a href=\"https:\/\/drive.google.com\/open?id=1XrPDR5P7qSphnvWM1Oqvu9HuRMVOqlA4\" target=\"_blank\" rel=\"noopener\">Dataregistrering i Danmarks Skiforbund for medlemmer af skiklubben<\/a><\/p>\n<p><a href=\"https:\/\/drive.google.com\/open?id=1NIYH99oh8YtK2fn256E0envEcttdwvIE\" target=\"_blank\" rel=\"noopener\">Databehandleraftale for Rokortsystemet<\/a><\/p>\n<p><a href=\"https:\/\/drive.google.com\/open?id=1xp-bAghqIl1eIajf9ni4AUr-jbSnGHcY\" target=\"_blank\" rel=\"noopener\">Databehandleraftale for hosting af hjemmesiden<\/a><\/p>\n<p>DKF&#8217;s dataregistrering, se p\u00e5 <a href=\"https:\/\/ipaddle.dk\/\" target=\"_blank\" rel=\"noopener\">IPaddle<\/a>:<\/p>\n<h4 dir=\"ltr\">S\u00e5dan kommer du ind p\u00e5 IPaddle:<\/h4>\n<p dir=\"ltr\">Hvis du vil ind og se din profil, skal du logge p\u00e5 med dit IPP nummer, som best\u00e5r af din f\u00f8dselsdato plus de to f\u00f8rste bogstaver af dit fornavn plus de to f\u00f8rste bogstaver af dit efternavn. Hedder du f.eks. Peter Fiktiv og er f\u00f8dt den 20. august 1975, er dit IPP nummer 200875PEFI.\u00a0Dit password er din f\u00f8dselsdato \u2013 i dette tilf\u00e6lde 20-08-1975.<\/p>\n<p dir=\"ltr\">Du b\u00f8r rette dit password, s\u00e5 andre ikke kan logge ind!<\/p>\n","protected":false},"excerpt":{"rendered":"<p>Registreringer i HvK: Privatlivspolitik for Hvidovre Kajakklub Fortegnelsespligten Dataregistrering i Danmarks Skiforbund for medlemmer af skiklubben Databehandleraftale for Rokortsystemet Databehandleraftale for hosting af hjemmesiden DKF&#8217;s dataregistrering, se p\u00e5 IPaddle: S\u00e5dan kommer du ind p\u00e5 IPaddle: Hvis du vil ind og se din profil, skal du logge p\u00e5 med dit IPP nummer, som best\u00e5r af din [&hellip;]<\/p>\n","protected":false},"author":1,"featured_media":0,"parent":0,"menu_order":0,"comment_status":"closed","ping_status":"closed","template":"","meta":{"ngg_post_thumbnail":0,"footnotes":""},"class_list":["post-3188","page","type-page","status-publish","hentry"],"_links":{"self":[{"href":"https:\/\/www.hvidovrekajakklub.dk\/index.php?rest_route=\/wp\/v2\/pages\/3188","targetHints":{"allow":["GET"]}}],"collection":[{"href":"https:\/\/www.hvidovrekajakklub.dk\/index.php?rest_route=\/wp\/v2\/pages"}],"about":[{"href":"https:\/\/www.hvidovrekajakklub.dk\/index.php?rest_route=\/wp\/v2\/types\/page"}],"author":[{"embeddable":true,"href":"https:\/\/www.hvidovrekajakklub.dk\/index.php?rest_route=\/wp\/v2\/users\/1"}],"replies":[{"embeddable":true,"href":"https:\/\/www.hvidovrekajakklub.dk\/index.php?rest_route=%2Fwp%2Fv2%2Fcomments&post=3188"}],"version-history":[{"count":7,"href":"https:\/\/www.hvidovrekajakklub.dk\/index.php?rest_route=\/wp\/v2\/pages\/3188\/revisions"}],"predecessor-version":[{"id":3241,"href":"https:\/\/www.hvidovrekajakklub.dk\/index.php?rest_route=\/wp\/v2\/pages\/3188\/revisions\/3241"}],"wp:attachment":[{"href":"https:\/\/www.hvidovrekajakklub.dk\/index.php?rest_route=%2Fwp%2Fv2%2Fmedia&parent=3188"}],"curies":[{"name":"wp","href":"https:\/\/api.w.org\/{rel}","templated":true}]}}