{"id":29,"date":"2013-11-12T12:20:42","date_gmt":"2013-11-12T12:20:42","guid":{"rendered":"http:\/\/www.hvidovrekajakklub.dk\/?page_id=29"},"modified":"2025-06-18T09:32:58","modified_gmt":"2025-06-18T08:32:58","slug":"klubben","status":"publish","type":"page","link":"https:\/\/www.hvidovrekajakklub.dk\/","title":{"rendered":"Klubben"},"content":{"rendered":"<h3>&nbsp;<\/h3>\n<h1 style=\"text-align: center;\">Velkommen<\/h1>\n<p>til Hvidovre Kajakklubs hjemmeside. Her kan du f\u00e5 oplysninger om klubben, l\u00e6se mere om vores b\u00f8rne- og ungdomsafdeling og vokseninstruktion, se billeder fra klublivet &#8211; og meget mere.<\/p>\n<p>Bem\u00e6rk at noget af indholdet kun er tilg\u00e6ngeligt for medlemmer.<\/p>\n<p>Kort om Hvidovre Kajakklubs historie &#8211; <a href=\"https:\/\/www.hvidovrekajakklub.dk\/?page_id=83\" target=\"_blank\" rel=\"noopener\">l\u00e6s her.<\/a><\/p>\n<div dir=\"auto\"><strong>Hvidovre Kajakklubs vision:<\/strong><\/div>\n<div dir=\"auto\"><em>Hvidovre Kajakklub er for alle og er en rummelig, bredt forankret klub p\u00e5 tv\u00e6rs af alder, k\u00f8n og elite\/bredde. Vi er ambiti\u00f8se og \u00f8nsker, at vores elite f\u00e5r os til at v\u00e6re blandt de 10 bedste kajakklubber i Danmark ved st\u00e6vner. For at opn\u00e5 det v\u00e6rner vi om det sociale sammenhold. Det giver folk endnu mere lyst til at tr\u00e6ne i klubben og blive s\u00e5 gode kajakroere som muligt &#8211; og deltage i klubbens liv til hverdag og til f\u00e6lles arrangementer. Det sociale fundament og gode resultater skal ogs\u00e5 sikre klubbens ry over for kommunens fritidsmyndigheder og byens borgere som et vigtigt aktiv i lokalsamfundet. Trivsel, aktivt fritidsliv, ambitioner og livsgl\u00e6de er fire kernev\u00e6rdier. <\/em><\/div>\n<hr>\n<h1 style=\"text-align: center;\">&nbsp;Sponsorer<\/h1>\n<p><a href=\"http:\/\/www.hvidovre.dk\/Borger.aspx\" target=\"_blank\" rel=\"noopener noreferrer\">&nbsp;<\/a><\/p>\n<p>&nbsp;<\/p>\n<hr>\n<p>&nbsp;<\/p>\n<hr>\n<p style=\"text-align: center;\"><a href=\"http:\/\/www.hvidovre.dk\/Borger.aspx\" target=\"_blank\" rel=\"noopener noreferrer\"><img loading=\"lazy\" decoding=\"async\" class=\"alignnone size-full wp-image-2204\" src=\"https:\/\/www.hvidovrekajakklub.dk\/wp-content\/uploads\/2013\/11\/Byvaaben_Reflex_175x60.jpg\" alt=\"Byvaaben_Reflex_175x60\" width=\"175\" height=\"60\"><\/a> &nbsp; &nbsp; &nbsp; &nbsp;&nbsp;&nbsp; &nbsp; &nbsp;&nbsp;<a href=\"http:\/\/www.krak.dk\/f\/amager-smeden-aps:67260048\/2770-kastrup\" target=\"_blank\" rel=\"attachment wp-att-2430 noopener noreferrer\"><img loading=\"lazy\" decoding=\"async\" class=\"alignnone wp-image-2430\" src=\"https:\/\/www.hvidovrekajakklub.dk\/wp-content\/uploads\/2013\/11\/Amager_Smeden.png\" alt=\"Amager_Smeden\" width=\"165\" height=\"122\"><\/a><\/p>\n<hr>\n<h1 style=\"text-align: center;\">Hvidovre Kajakklub<\/h1>\n<p>Ligger i Hvidovre Havn med direkte adgang til Kalveboderne, K\u00f8benhavns kanaler, K\u00f8ge Bugt og Kongelunden &#8211; og noget af Danmarks mest varierede rovand.<\/p>\n<p>Vi er godt 300 medlemmer med elite-, b\u00f8rne- og ungdomsroere samt motionsroere i alle aldre. Vi l\u00e6gger v\u00e6gt p\u00e5 et godt socialt milj\u00f8, tr\u00e6ningsforhold ogs\u00e5 med indend\u00f8rs tr\u00e6ningsrum samt vores kaproning for alle om onsdagen med efterf\u00f8lgende grillmiddag. Hertil sideaktiviteter som motions- og skil\u00f8b om vinteren.<\/p>\n<p>Vores historie g\u00e5r over mange \u00e5r tilbage, idet vi begyndte som Kajakklubben S\u00f8nderstrand i 1927. Klubben kom siden ud i et tr\u00e6skur i Hvidovre under navnet Hvidovre Kajakklub. I dag har vi et dejligt klubhus med bad, solvarme, tr\u00e6ningsfaciliteter, garager til kajakker, reparationshus og klublokale til fester og sammenkomster.<\/p>\n<p>I 2019 deltog klubben i et projekt under idr\u00e6tsr\u00e5det om havnens udvikling, og et dokument om klubben og om vores ideer om havnes udvikling kan l\u00e6ses <a href=\"https:\/\/www.hvidovrekajakklub.dk\/wp-content\/uploads\/2019\/12\/Om-Hvidovre-Kajakklub.pdf\">her<\/a><\/p>\n<p><!--<a href=\"https:\/\/www.hvidovrekajakklub.dk\/wp-content\/uploads\/2015\/01\/alle_loeb.pdf\">Antal gennemf\u00f8rte l\u00f8b for deltagerne<\/a>--><\/p>\n<hr>\n<p style=\"text-align: left;\">&nbsp;<\/p>\n","protected":false},"excerpt":{"rendered":"<p>&nbsp; Velkommen til Hvidovre Kajakklubs hjemmeside. Her kan du f\u00e5 oplysninger om klubben, l\u00e6se mere om vores b\u00f8rne- og ungdomsafdeling og vokseninstruktion, se billeder fra klublivet &#8211; og meget mere. Bem\u00e6rk at noget af indholdet kun er tilg\u00e6ngeligt for medlemmer. Kort om Hvidovre Kajakklubs historie &#8211; l\u00e6s her. Hvidovre Kajakklubs vision: Hvidovre Kajakklub er for [&hellip;]<\/p>\n","protected":false},"author":1,"featured_media":0,"parent":0,"menu_order":0,"comment_status":"closed","ping_status":"open","template":"","meta":{"ngg_post_thumbnail":0,"footnotes":""},"class_list":["post-29","page","type-page","status-publish","hentry"],"_links":{"self":[{"href":"https:\/\/www.hvidovrekajakklub.dk\/index.php?rest_route=\/wp\/v2\/pages\/29","targetHints":{"allow":["GET"]}}],"collection":[{"href":"https:\/\/www.hvidovrekajakklub.dk\/index.php?rest_route=\/wp\/v2\/pages"}],"about":[{"href":"https:\/\/www.hvidovrekajakklub.dk\/index.php?rest_route=\/wp\/v2\/types\/page"}],"author":[{"embeddable":true,"href":"https:\/\/www.hvidovrekajakklub.dk\/index.php?rest_route=\/wp\/v2\/users\/1"}],"replies":[{"embeddable":true,"href":"https:\/\/www.hvidovrekajakklub.dk\/index.php?rest_route=%2Fwp%2Fv2%2Fcomments&post=29"}],"version-history":[{"count":140,"href":"https:\/\/www.hvidovrekajakklub.dk\/index.php?rest_route=\/wp\/v2\/pages\/29\/revisions"}],"predecessor-version":[{"id":5622,"href":"https:\/\/www.hvidovrekajakklub.dk\/index.php?rest_route=\/wp\/v2\/pages\/29\/revisions\/5622"}],"wp:attachment":[{"href":"https:\/\/www.hvidovrekajakklub.dk\/index.php?rest_route=%2Fwp%2Fv2%2Fmedia&parent=29"}],"curies":[{"name":"wp","href":"https:\/\/api.w.org\/{rel}","templated":true}]}}