{"id":2831,"date":"2017-04-09T13:21:39","date_gmt":"2017-04-09T12:21:39","guid":{"rendered":"http:\/\/www.hvidovrekajakklub.dk\/?page_id=2831"},"modified":"2017-04-09T13:55:53","modified_gmt":"2017-04-09T12:55:53","slug":"galleri-sponsoreksponering","status":"publish","type":"page","link":"https:\/\/www.hvidovrekajakklub.dk\/?page_id=2831","title":{"rendered":"Galleri &#8211; Sponsoreksponering"},"content":{"rendered":"<h2>Beach Flags<\/h2>\n<p><a href=\"https:\/\/www.hvidovrekajakklub.dk\/wp-content\/uploads\/2017\/04\/13528634_10157192019000613_6362488109871728697_o.jpg\"><img loading=\"lazy\" decoding=\"async\" class=\"aligncenter wp-image-2832\" src=\"https:\/\/www.hvidovrekajakklub.dk\/wp-content\/uploads\/2017\/04\/13528634_10157192019000613_6362488109871728697_o-850x478.jpg\" alt=\"\" width=\"850\" height=\"638\" srcset=\"https:\/\/www.hvidovrekajakklub.dk\/wp-content\/uploads\/2017\/04\/13528634_10157192019000613_6362488109871728697_o-768x576.jpg 768w, https:\/\/www.hvidovrekajakklub.dk\/wp-content\/uploads\/2017\/04\/13528634_10157192019000613_6362488109871728697_o.jpg 1632w\" sizes=\"auto, (max-width: 850px) 100vw, 850px\" \/><\/a><\/p>\n<p>Beachflags med sponsorlogo (Craft Sprint 2016) Sponsor betaler selv udgifterne til flagene. Vi s\u00f8rger for at flagene bliver trykt og sat op ved st\u00e6vner og andre arrangementer.<\/p>\n<p><a href=\"https:\/\/www.hvidovrekajakklub.dk\/wp-content\/uploads\/2017\/04\/13528484_10153874324508668_6506005292578166677_o.jpg\"><img loading=\"lazy\" decoding=\"async\" class=\"size-medium wp-image-2833 aligncenter\" src=\"https:\/\/www.hvidovrekajakklub.dk\/wp-content\/uploads\/2017\/04\/13528484_10153874324508668_6506005292578166677_o-850x478.jpg\" alt=\"\" width=\"850\" height=\"478\" srcset=\"https:\/\/www.hvidovrekajakklub.dk\/wp-content\/uploads\/2017\/04\/13528484_10153874324508668_6506005292578166677_o-850x478.jpg 850w, https:\/\/www.hvidovrekajakklub.dk\/wp-content\/uploads\/2017\/04\/13528484_10153874324508668_6506005292578166677_o-250x141.jpg 250w, https:\/\/www.hvidovrekajakklub.dk\/wp-content\/uploads\/2017\/04\/13528484_10153874324508668_6506005292578166677_o-1200x675.jpg 1200w\" sizes=\"auto, (max-width: 850px) 100vw, 850px\" \/><\/a><\/p>\n<p>&nbsp;<\/p>\n<h2>Deltagertr\u00f8je ved Craft Sprint<\/h2>\n<p><a href=\"https:\/\/www.hvidovrekajakklub.dk\/wp-content\/uploads\/2017\/04\/13575727_1640467406271569_6062814552869275725_o.jpg\"><img loading=\"lazy\" decoding=\"async\" class=\"size-medium wp-image-2837 aligncenter\" src=\"https:\/\/www.hvidovrekajakklub.dk\/wp-content\/uploads\/2017\/04\/13575727_1640467406271569_6062814552869275725_o-850x478.jpg\" alt=\"\" width=\"850\" height=\"478\" srcset=\"https:\/\/www.hvidovrekajakklub.dk\/wp-content\/uploads\/2017\/04\/13575727_1640467406271569_6062814552869275725_o-850x478.jpg 850w, https:\/\/www.hvidovrekajakklub.dk\/wp-content\/uploads\/2017\/04\/13575727_1640467406271569_6062814552869275725_o-250x141.jpg 250w\" sizes=\"auto, (max-width: 850px) 100vw, 850px\" \/><\/a><\/p>\n<p>F\u00f8rste weekend i juli afholder Hvidovre Kajakklub i samarbejde med Maribo Kajakklub en todelt Sprint Cup. Den del Hvidovre Kajakklub st\u00e5r for afvikles om s\u00f8ndagen og hedder Craft Sprint. Der laves en deltagertr\u00f8je til st\u00e6vnet, som gives til alle roere. Derudover b\u00e6res tr\u00f8jen ogs\u00e5 af alle st\u00e6vnets frivillige hj\u00e6lpere. Det koster 1000 kr. at f\u00e5 sit logo p\u00e5 tr\u00f8jen.<\/p>\n<p><a href=\"https:\/\/www.hvidovrekajakklub.dk\/wp-content\/uploads\/2017\/04\/13615091_10157192357430613_8401152471852935398_n-1.jpg\"><img loading=\"lazy\" decoding=\"async\" class=\"aligncenter wp-image-2842 size-medium\" src=\"https:\/\/www.hvidovrekajakklub.dk\/wp-content\/uploads\/2017\/04\/13615091_10157192357430613_8401152471852935398_n-1-850x478.jpg\" alt=\"\" width=\"850\" height=\"478\" srcset=\"https:\/\/www.hvidovrekajakklub.dk\/wp-content\/uploads\/2017\/04\/13615091_10157192357430613_8401152471852935398_n-1-850x478.jpg 850w, https:\/\/www.hvidovrekajakklub.dk\/wp-content\/uploads\/2017\/04\/13615091_10157192357430613_8401152471852935398_n-1-250x141.jpg 250w\" sizes=\"auto, (max-width: 850px) 100vw, 850px\" \/><\/a><\/p>\n<p>&nbsp;<\/p>\n<h2>Sponsorskilte p\u00e5 gavl<\/h2>\n<p>Sponsorskilte p\u00e5 gavlen af Hvidovre Kajakklub, der vender ud mod Lodsparken,\u00a0parkeringspladsen og vejen ned til stranden<\/p>\n<p><a href=\"https:\/\/www.hvidovrekajakklub.dk\/wp-content\/uploads\/2017\/04\/13558863_10153874324493668_1744477960130754327_o.jpg\"><img loading=\"lazy\" decoding=\"async\" class=\"alignnone size-medium wp-image-2847\" src=\"https:\/\/www.hvidovrekajakklub.dk\/wp-content\/uploads\/2017\/04\/13558863_10153874324493668_1744477960130754327_o-850x478.jpg\" alt=\"\" width=\"850\" height=\"478\" srcset=\"https:\/\/www.hvidovrekajakklub.dk\/wp-content\/uploads\/2017\/04\/13558863_10153874324493668_1744477960130754327_o-850x478.jpg 850w, https:\/\/www.hvidovrekajakklub.dk\/wp-content\/uploads\/2017\/04\/13558863_10153874324493668_1744477960130754327_o-250x141.jpg 250w, https:\/\/www.hvidovrekajakklub.dk\/wp-content\/uploads\/2017\/04\/13558863_10153874324493668_1744477960130754327_o-1200x675.jpg 1200w\" sizes=\"auto, (max-width: 850px) 100vw, 850px\" \/><\/a><\/p>\n","protected":false},"excerpt":{"rendered":"<p>Beach Flags Beachflags med sponsorlogo (Craft Sprint 2016) Sponsor betaler selv udgifterne til flagene. Vi s\u00f8rger for at flagene bliver trykt og sat op ved st\u00e6vner og andre arrangementer. &nbsp; Deltagertr\u00f8je ved Craft Sprint F\u00f8rste weekend i juli afholder Hvidovre Kajakklub i samarbejde med Maribo Kajakklub en todelt Sprint Cup. Den del Hvidovre Kajakklub st\u00e5r [&hellip;]<\/p>\n","protected":false},"author":455,"featured_media":0,"parent":0,"menu_order":0,"comment_status":"closed","ping_status":"closed","template":"","meta":{"ngg_post_thumbnail":0,"footnotes":""},"class_list":["post-2831","page","type-page","status-publish","hentry"],"_links":{"self":[{"href":"https:\/\/www.hvidovrekajakklub.dk\/index.php?rest_route=\/wp\/v2\/pages\/2831","targetHints":{"allow":["GET"]}}],"collection":[{"href":"https:\/\/www.hvidovrekajakklub.dk\/index.php?rest_route=\/wp\/v2\/pages"}],"about":[{"href":"https:\/\/www.hvidovrekajakklub.dk\/index.php?rest_route=\/wp\/v2\/types\/page"}],"author":[{"embeddable":true,"href":"https:\/\/www.hvidovrekajakklub.dk\/index.php?rest_route=\/wp\/v2\/users\/455"}],"replies":[{"embeddable":true,"href":"https:\/\/www.hvidovrekajakklub.dk\/index.php?rest_route=%2Fwp%2Fv2%2Fcomments&post=2831"}],"version-history":[{"count":6,"href":"https:\/\/www.hvidovrekajakklub.dk\/index.php?rest_route=\/wp\/v2\/pages\/2831\/revisions"}],"predecessor-version":[{"id":2846,"href":"https:\/\/www.hvidovrekajakklub.dk\/index.php?rest_route=\/wp\/v2\/pages\/2831\/revisions\/2846"}],"wp:attachment":[{"href":"https:\/\/www.hvidovrekajakklub.dk\/index.php?rest_route=%2Fwp%2Fv2%2Fmedia&parent=2831"}],"curies":[{"name":"wp","href":"https:\/\/api.w.org\/{rel}","templated":true}]}}