{"id":2812,"date":"2017-04-09T12:35:59","date_gmt":"2017-04-09T11:35:59","guid":{"rendered":"http:\/\/www.hvidovrekajakklub.dk\/?page_id=2812"},"modified":"2017-04-09T12:36:28","modified_gmt":"2017-04-09T11:36:28","slug":"sponsor-i-hvidovre-kajakklub","status":"publish","type":"page","link":"https:\/\/www.hvidovrekajakklub.dk\/?page_id=2812","title":{"rendered":"Sponsor i Hvidovre Kajakklub"},"content":{"rendered":"<p>I Hvidovre kajakklub sp\u00e6nder medlemmerne fra motion til elite samt fra 10 \u00e5r til 70+. Al arbejde udf\u00f8res af frivillige lige fra instruktion til vedligeholdelse og istands\u00e6ttelse.<\/p>\n<p><span style=\"font-weight: 400;\">Vores B\u00f8rn &amp; Unge afdeling drives af engagerede instrukt\u00f8rer, som alle \u00f8nsker, at give de unge nogle gode oplevelser i naturen med respekt for vandet samt en sund livsstil. Der er b\u00e5de plads til dem der har lyst til at ro konkurrencer, og dem der bare synes, det er sjovt at v\u00e6re p\u00e5 vandet.<\/span><\/p>\n<p><span style=\"font-weight: 400;\">Hvert \u00e5r i maj starter der 15\u00a0voksne p\u00e5 instruktionshold, som alle bliver friroet hen over sommeren, samtidig med at de bliver en del af det aktive liv i klubben.<\/span><\/p>\n<p>&nbsp;<\/p>\n<h4><b>Som sponsor i Hvidovre Kajakklub f\u00e5r du mange fordele<\/b><\/h4>\n<ul>\n<li style=\"font-weight: 400;\"><span style=\"font-weight: 400;\">\u00d8get synlighed omkring din virksomhed <\/span><\/li>\n<li style=\"font-weight: 400;\"><span style=\"font-weight: 400;\">Logoeksponering p\u00e5 klubbens hjemmeside<\/span><\/li>\n<li style=\"font-weight: 400;\"><span style=\"font-weight: 400;\">Logoeksponering p\u00e5 klubhusets gavl<\/span><\/li>\n<li style=\"font-weight: 400;\"><span style=\"font-weight: 400;\">Mulighed for logoeksponering p\u00e5 klubt\u00f8j <\/span><\/li>\n<li style=\"font-weight: 400;\"><span style=\"font-weight: 400;\">Vi tilbyder en individuelt tilpasset sponsorpakke<\/span><\/li>\n<li style=\"font-weight: 400;\"><span style=\"font-weight: 400;\">Dine sponsorfordele afh\u00e6nger af sponsoratets st\u00f8rrelse<\/span><\/li>\n<\/ul>\n","protected":false},"excerpt":{"rendered":"<p>I Hvidovre kajakklub sp\u00e6nder medlemmerne fra motion til elite samt fra 10 \u00e5r til 70+. Al arbejde udf\u00f8res af frivillige lige fra instruktion til vedligeholdelse og istands\u00e6ttelse. Vores B\u00f8rn &amp; Unge afdeling drives af engagerede instrukt\u00f8rer, som alle \u00f8nsker, at give de unge nogle gode oplevelser i naturen med respekt for vandet samt en sund [&hellip;]<\/p>\n","protected":false},"author":455,"featured_media":0,"parent":0,"menu_order":0,"comment_status":"closed","ping_status":"closed","template":"","meta":{"ngg_post_thumbnail":0,"footnotes":""},"class_list":["post-2812","page","type-page","status-publish","hentry"],"_links":{"self":[{"href":"https:\/\/www.hvidovrekajakklub.dk\/index.php?rest_route=\/wp\/v2\/pages\/2812","targetHints":{"allow":["GET"]}}],"collection":[{"href":"https:\/\/www.hvidovrekajakklub.dk\/index.php?rest_route=\/wp\/v2\/pages"}],"about":[{"href":"https:\/\/www.hvidovrekajakklub.dk\/index.php?rest_route=\/wp\/v2\/types\/page"}],"author":[{"embeddable":true,"href":"https:\/\/www.hvidovrekajakklub.dk\/index.php?rest_route=\/wp\/v2\/users\/455"}],"replies":[{"embeddable":true,"href":"https:\/\/www.hvidovrekajakklub.dk\/index.php?rest_route=%2Fwp%2Fv2%2Fcomments&post=2812"}],"version-history":[{"count":3,"href":"https:\/\/www.hvidovrekajakklub.dk\/index.php?rest_route=\/wp\/v2\/pages\/2812\/revisions"}],"predecessor-version":[{"id":2814,"href":"https:\/\/www.hvidovrekajakklub.dk\/index.php?rest_route=\/wp\/v2\/pages\/2812\/revisions\/2814"}],"wp:attachment":[{"href":"https:\/\/www.hvidovrekajakklub.dk\/index.php?rest_route=%2Fwp%2Fv2%2Fmedia&parent=2812"}],"curies":[{"name":"wp","href":"https:\/\/api.w.org\/{rel}","templated":true}]}}