{"id":2703,"date":"2017-03-01T20:22:10","date_gmt":"2017-03-01T19:22:10","guid":{"rendered":"http:\/\/www.hvidovrekajakklub.dk\/?page_id=2703"},"modified":"2018-06-12T05:18:49","modified_gmt":"2018-06-12T04:18:49","slug":"craft-sprint","status":"publish","type":"page","link":"https:\/\/www.hvidovrekajakklub.dk\/?page_id=2703","title":{"rendered":"Craft Sprint"},"content":{"rendered":"<div id=\"js_4bo\" class=\"_5pbx userContent\" data-ft=\"{&quot;tn&quot;:&quot;K&quot;}\">\n<p>Knuthenborg Sprint\/ Craft Sprint Hvidovre udg\u00f8r tilsammen <span style=\"color: #ff0000;\"><strong>SPRINT 2018<\/strong><\/span>. St\u00e6vnet er et todelt sprintst\u00e6vne for k1 kajak, der er arrangeret i samarbejde mellem Maribo Kajakklub og Hvidovre Kajakklub.<\/p>\n<\/div>\n<p>Knuthenborg Sprint finder sted i Maribo l\u00f8rdag den 23. juni. Craft Sprint &#8211; Hvidovre l\u00f8ber at stablen i Hvidovre s\u00f8ndag den 24. juni.<\/p>\n<p>Pris for at deltage en dag: 300,- kr. Samlet pris for at deltage begge dage: 400,- kr.<\/p>\n<p><span style=\"color: #0000ff;\"><strong>Craft Sprint &#8211; Hvidovre<\/strong><\/span> er anden dag i SPRINT 2018. St\u00e6vnet foreg\u00e5r i Hvidovre Havn, lige ved Hvidovre Kajakklub, <span style=\"color: #0000ff;\"><strong>s\u00f8ndag den 24. juni 2018<\/strong><\/span>.<\/p>\n<p>I de indledende heats vil der v\u00e6re to baner, hvor deltagerne dyster p\u00e5 tid. De 16 bedste roere g\u00e5r videre til knock-out sprints p\u00e5 to baner, hvor nr. 1 fra de indledense heats k\u00e6mper mod nr. 16, nr. 2 mod nr. 15, nr. 3 mod nr. 14 osv.<\/p>\n<p>Der k\u00e5res b\u00e5de vindere af s\u00f8ndagens st\u00e6vne i Hvidovre, samt vindere af det samlede st\u00e6vne SPRINT 2017 (Knuthenborg Sprint og Craft Sprint \u2013 Hvidovre)<\/p>\n<p>Man kan stille op i f\u00f8lgende klasser ved Craft Sprint &#8211; Hvidovre:<br \/>\n\u2022 U12 K1 (damer\/herrer)<br \/>\n\u2022 U14 K1 (damer\/herrer)<br \/>\n\u2022 U16 K1 (damer\/herrer)<br \/>\n\u2022 U18 K1\u00a0<span class=\"text_exposed_show\">(damer\/herrer)<br \/>\n\u2022 Senior K1 (damer\/herrer)<br \/>\n<\/span><\/p>\n<p>Tilmelding sker via youpaddle.dk (\u00e5ben)<\/p>\n<p>Kontaktperson: Ole Torp<br \/>\n\u2022 Mobil: 2022 8800<br \/>\n\u2022 Mail: ot@dansprint.com<\/p>\n","protected":false},"excerpt":{"rendered":"<p>Knuthenborg Sprint\/ Craft Sprint Hvidovre udg\u00f8r tilsammen SPRINT 2018. St\u00e6vnet er et todelt sprintst\u00e6vne for k1 kajak, der er arrangeret i samarbejde mellem Maribo Kajakklub og Hvidovre Kajakklub. Knuthenborg Sprint finder sted i Maribo l\u00f8rdag den 23. juni. Craft Sprint &#8211; Hvidovre l\u00f8ber at stablen i Hvidovre s\u00f8ndag den 24. juni. Pris for at deltage [&hellip;]<\/p>\n","protected":false},"author":455,"featured_media":0,"parent":0,"menu_order":0,"comment_status":"closed","ping_status":"closed","template":"","meta":{"ngg_post_thumbnail":0,"footnotes":""},"class_list":["post-2703","page","type-page","status-publish","hentry"],"_links":{"self":[{"href":"https:\/\/www.hvidovrekajakklub.dk\/index.php?rest_route=\/wp\/v2\/pages\/2703","targetHints":{"allow":["GET"]}}],"collection":[{"href":"https:\/\/www.hvidovrekajakklub.dk\/index.php?rest_route=\/wp\/v2\/pages"}],"about":[{"href":"https:\/\/www.hvidovrekajakklub.dk\/index.php?rest_route=\/wp\/v2\/types\/page"}],"author":[{"embeddable":true,"href":"https:\/\/www.hvidovrekajakklub.dk\/index.php?rest_route=\/wp\/v2\/users\/455"}],"replies":[{"embeddable":true,"href":"https:\/\/www.hvidovrekajakklub.dk\/index.php?rest_route=%2Fwp%2Fv2%2Fcomments&post=2703"}],"version-history":[{"count":10,"href":"https:\/\/www.hvidovrekajakklub.dk\/index.php?rest_route=\/wp\/v2\/pages\/2703\/revisions"}],"predecessor-version":[{"id":3179,"href":"https:\/\/www.hvidovrekajakklub.dk\/index.php?rest_route=\/wp\/v2\/pages\/2703\/revisions\/3179"}],"wp:attachment":[{"href":"https:\/\/www.hvidovrekajakklub.dk\/index.php?rest_route=%2Fwp%2Fv2%2Fmedia&parent=2703"}],"curies":[{"name":"wp","href":"https:\/\/api.w.org\/{rel}","templated":true}]}}