{"id":2219,"date":"2016-02-01T19:07:19","date_gmt":"2016-02-01T18:07:19","guid":{"rendered":"http:\/\/www.hvidovrekajakklub.dk\/?page_id=2219"},"modified":"2025-03-11T11:12:05","modified_gmt":"2025-03-11T10:12:05","slug":"kontakt-2","status":"publish","type":"page","link":"https:\/\/www.hvidovrekajakklub.dk\/?page_id=2219","title":{"rendered":"Kontakt"},"content":{"rendered":"<p><a title=\"Hvidovre Kajakklub\" href=\"https:\/\/www.google.com\/maps\/preview#!q=hvidovre+kajakklub&amp;data=!4m37!1m36!4m8!1m3!1d29715368!2d-95.677068!3d37.0625!3m2!1i1231!2i875!4f13.1!10b1!19m6!1e1!1e2!1e9!1e10!1e12!4smaps_sv.tactile!20m13!1e1!1e2!1e3!1e4!1e5!1e9!1e10!1e11!1e12!2m2!1i203!2i100!5smaps_sv.tactile!26m4!1e12!1e13!1e3!4smaps_sv.tactile\">Hvidovre Kajakklub<\/a><br \/>\nStrandhavevej 59<br \/>\n2650 Hvidovre<\/p>\n<p>CVR:&nbsp;33850727<br \/>\n<a href=\"mailto:info@hvidovrekajakklub.dk\">Mail til klubben<\/a><\/p>\n<hr>\n<h3>Bliv medlem<\/h3>\n<p><strong>Bliv medlem &#8211; voksne\/ instruktionsforl\u00f8b: <\/strong>Er du interesseret i at starte med at ro kajak, s\u00e5 g\u00e5 videre&nbsp;<a href=\"https:\/\/www.hvidovrekajakklub.dk\/?page_id=66\" target=\"_blank\" rel=\"noopener noreferrer\">her<\/a>.<\/p>\n<p>Har du sp\u00f8rgsm\u00e5l vedr. instruktionsforl\u00f8b kontakt Mette Fisker &#8211;<a href=\"mailto: instruktiontilmelding@hvidovrekajakklub.dk\">Mailadresse<\/a><\/p>\n<p><strong>Bliv medlem &#8211; voksne:&nbsp;<\/strong>(der har&nbsp;best\u00e5et minimum EPP2 og gerne vil meldes ind)<strong>&nbsp;<\/strong>S\u00f8ren Sibbersen \u2013&nbsp;<a href=\"mailto:sibbe1@youmail.dk\">Mailadresse<\/a>&nbsp;\u2013 tlf. 4037 3388<\/p>\n<p><strong>Bliv medlem &#8211; b\u00f8rn:&nbsp;<\/strong>S\u00f8ren Sibbersen \u2013&nbsp;<a href=\"mailto:sibbe1@youmail.dk\">Mailadresse<\/a>&nbsp;\u2013 tlf. 40373388<\/p>\n<p><!--<strong>Bliv medlem - Kajakpolo\/ pr\u00f8v at spille kajakpolo:\u00a0<\/strong>\n\n<strong><span style=\"color: #808080;\">10-15 \u00e5r:<\/span> <\/strong>Simon Andersen -\u00a0\u00a0<a href=\"mailto:simon.a@outlook.dk\">Mailadresse<\/a>\u00a0- tlf. 61771199\n\n<strong><span style=\"color: #808080;\">15 \u00e5r eller derover:<\/span>\u00a0<\/strong>Simon Andersen \u2013\u00a0<a href=\"mailto:simon.a@outlook.dk\">Mailadresse<\/a>\u00a0\u2013 tlf. 6177 1199 --><\/p>\n<hr>\n<h3>Skoler<\/h3>\n<p><strong>Skolearrangementer &#8211; kajak:&nbsp;<\/strong>S\u00f8ren Sibbersen \u2013 <a href=\"mailto:sibbe1@youmail.dk\">Mailadresse<\/a>&nbsp;\u2013 tlf. 4037 3388<\/p>\n<p><!-- <strong>Skolearrangementer - kajakpolo:\u00a0<\/strong>Simon Andersen \u2013\u00a0<a href=\"mailto:simon.a@outlook.dk\">Mailadresse<\/a>\u00a0\u2013 tlf. 6177 1199 --><\/p>\n<hr>\n<h3>Polterabender, firmaer etc.<\/h3>\n<p><strong>Polterabender, firmaarrangementer etc.: <\/strong>Peter Schr\u00f8der &#8211; <a href=\"mailto:pss@syngre.dk\">Mailadresse<\/a>&nbsp;&#8211; 6168 3328<\/p>\n<p><!-- <strong>Polterabender, firmaarrangementer etc. - kajakpolo:\u00a0<\/strong>Simon Andersen -\u00a0<a href=\"mailto:simon.a@outlook.dk\">Mailadresse<\/a>\u00a0\u2013 tlf. 6177 1199 --><\/p>\n<hr>\n<h3>\u00d8vrige kontaktpersoner<\/h3>\n<p><strong>Skiklubben: <\/strong>Viggo Olsen &#8211;&nbsp;<a href=\"mailto:tavle4@gmail.com\">Mailadresse<\/a><\/p>\n<p><strong>Orienteringsl\u00f8b: <\/strong>G\u00f8ther Birch Mathisen &#8211; <a href=\"mailto:hvkorienteringslob@gmail.com\">Mailadresse<\/a>&nbsp;, du kan ligeledes finde information om orienteringsl\u00f8b p\u00e5 events oprettet p\u00e5 klubbens FaceBook-side&nbsp;<a href=\"https:\/\/www.facebook.com\/groups\/181136608609383\/?fref=ts\">Hvidovre Kajakklub<\/a>&nbsp;(lukket gruppe &#8211; anmod evt. om optagelse &#8211; kun for medlemmer)<\/p>\n<p><strong>Kontingentopkr\u00e6ver<\/strong>: Anne Skov &#8211; <a href=\"mailto:anneskou1@gmail.com\">Mailadresse<\/a><\/p>\n<p><strong>L\u00e5n af klubstue: <\/strong>Inge Ribers &#8211; <a href=\"mailto:ingeribers@email.dk\">Mailadresse<\/a> klubstue udlejes <strong>KUN<\/strong> til medlemmer i Hvidovre Kajakklub<\/p>\n<p>&nbsp;<\/p>\n<p>&nbsp;<\/p>\n","protected":false},"excerpt":{"rendered":"<p>Hvidovre Kajakklub Strandhavevej 59 2650 Hvidovre CVR:&nbsp;33850727 Mail til klubben Bliv medlem Bliv medlem &#8211; voksne\/ instruktionsforl\u00f8b: Er du interesseret i at starte med at ro kajak, s\u00e5 g\u00e5 videre&nbsp;her. Har du sp\u00f8rgsm\u00e5l vedr. instruktionsforl\u00f8b kontakt Mette Fisker &#8211;Mailadresse Bliv medlem &#8211; voksne:&nbsp;(der har&nbsp;best\u00e5et minimum EPP2 og gerne vil meldes ind)&nbsp;S\u00f8ren Sibbersen \u2013&nbsp;Mailadresse&nbsp;\u2013 tlf. 4037 [&hellip;]<\/p>\n","protected":false},"author":455,"featured_media":0,"parent":0,"menu_order":0,"comment_status":"closed","ping_status":"closed","template":"template-full-width.php","meta":{"ngg_post_thumbnail":0,"footnotes":""},"class_list":["post-2219","page","type-page","status-publish","hentry"],"_links":{"self":[{"href":"https:\/\/www.hvidovrekajakklub.dk\/index.php?rest_route=\/wp\/v2\/pages\/2219","targetHints":{"allow":["GET"]}}],"collection":[{"href":"https:\/\/www.hvidovrekajakklub.dk\/index.php?rest_route=\/wp\/v2\/pages"}],"about":[{"href":"https:\/\/www.hvidovrekajakklub.dk\/index.php?rest_route=\/wp\/v2\/types\/page"}],"author":[{"embeddable":true,"href":"https:\/\/www.hvidovrekajakklub.dk\/index.php?rest_route=\/wp\/v2\/users\/455"}],"replies":[{"embeddable":true,"href":"https:\/\/www.hvidovrekajakklub.dk\/index.php?rest_route=%2Fwp%2Fv2%2Fcomments&post=2219"}],"version-history":[{"count":34,"href":"https:\/\/www.hvidovrekajakklub.dk\/index.php?rest_route=\/wp\/v2\/pages\/2219\/revisions"}],"predecessor-version":[{"id":5567,"href":"https:\/\/www.hvidovrekajakklub.dk\/index.php?rest_route=\/wp\/v2\/pages\/2219\/revisions\/5567"}],"wp:attachment":[{"href":"https:\/\/www.hvidovrekajakklub.dk\/index.php?rest_route=%2Fwp%2Fv2%2Fmedia&parent=2219"}],"curies":[{"name":"wp","href":"https:\/\/api.w.org\/{rel}","templated":true}]}}