{"id":154,"date":"2013-11-13T20:52:18","date_gmt":"2013-11-13T20:52:18","guid":{"rendered":"http:\/\/www.hvidovrekajakklub.dk\/?page_id=154"},"modified":"2016-02-17T09:09:36","modified_gmt":"2016-02-17T08:09:36","slug":"orienteringslob","status":"publish","type":"page","link":"https:\/\/www.hvidovrekajakklub.dk\/?page_id=154","title":{"rendered":"Orienteringsl\u00f8b"},"content":{"rendered":"<p>Hvidovre kajakklub er medlem af Dansk Kano og Kajakforbunds o-l\u00f8bsklub. Forbundet arrangerer 6 orienteringsl\u00f8b vinteren over, hver den f\u00f8rste s\u00f8ndag i m\u00e5neden. Her kan Hvidovre kajakklubs medlemmer pr\u00f8ve at dyste i orienteringsl\u00f8b sammen med folk fra andre kajakklubber.<\/p>\n<p>L\u00f8bene foreg\u00e5r i forskellige skove rundt omkring i Nordsj\u00e6lland, fra Tisvilde hegn til Kongelunden. Der er b\u00e5de ungdoms, voksen og senior r\u00e6kker og hvis man er usikker p\u00e5 sine orienteringsevner kan man ogs\u00e5 stille op som gruppe (parl\u00f8b). Der er l\u00f8bere p\u00e5 alle niveauer og hvis man st\u00e5r og ser lidt fortabt ud i skoven er der altid nogen der vil hj\u00e6lpe.<\/p>\n<p>L\u00f8bsl\u00e6ngder:<br \/>\nLang:\u00a0(Klasse: herrer) 8-9 km. i fugleflugt, med ca. 15 &#8211; 18 poster.<\/p>\n<p>Mellem<br \/>\n1:\u00a0(Klasse old-boys) 6 &#8211; 6,5 km i fugleflugt med ca. 10 &#8211; 14 poster.<\/p>\n<p>Mellem<br \/>\n2:\u00a0(Klasser: damer, drenge, piger, og old-ladies ) 6 &#8211; 6,5 km. i fugleflugt, med ca. 10 &#8211; 13 poster.<\/p>\n<p>Mellem<br \/>\n3:\u00a0(Klasse parl\u00f8b) 6 &#8211; 6,5 km i fugleflugt med ca. 10 &#8211; 13 poster.<\/p>\n<p>Man skal l\u00e6gge ca. 30% til l\u00f8bsl\u00e6ngden for at f\u00e5 de faktiske tilbagelagte distancer.<\/p>\n<p>Tilmelding kan ske p\u00e5\u00a0<a href=\"mailto:hvkorienteringslob@gmail.com\">hvkorienteringslob@gmail.com<\/a><\/p>\n<p>Kontakt: \u00a0<a href=\"mailto:hvkorienteringslob@gmail.com\">hvkorienteringslob@gmail.com<\/a>\u00a0for at f\u00e5 yderligere information eller l\u00e6s mere p\u00e5 hjemmesiden\u00a0<a href=\"http:\/\/www.dkfolob.dk\/\">http:\/\/www.dkfolob.dk\/<\/a><br \/>\n. her kommer ogs\u00e5 resultater fra l\u00f8bene.<\/p>\n","protected":false},"excerpt":{"rendered":"<p>Hvidovre kajakklub er medlem af Dansk Kano og Kajakforbunds o-l\u00f8bsklub. Forbundet arrangerer 6 orienteringsl\u00f8b vinteren over, hver den f\u00f8rste s\u00f8ndag i m\u00e5neden. Her kan Hvidovre kajakklubs medlemmer pr\u00f8ve at dyste i orienteringsl\u00f8b sammen med folk fra andre kajakklubber. L\u00f8bene foreg\u00e5r i forskellige skove rundt omkring i Nordsj\u00e6lland, fra Tisvilde hegn til Kongelunden. Der er b\u00e5de [&hellip;]<\/p>\n","protected":false},"author":1,"featured_media":0,"parent":0,"menu_order":0,"comment_status":"closed","ping_status":"closed","template":"template-full-width.php","meta":{"ngg_post_thumbnail":0,"footnotes":""},"class_list":["post-154","page","type-page","status-publish","hentry"],"_links":{"self":[{"href":"https:\/\/www.hvidovrekajakklub.dk\/index.php?rest_route=\/wp\/v2\/pages\/154","targetHints":{"allow":["GET"]}}],"collection":[{"href":"https:\/\/www.hvidovrekajakklub.dk\/index.php?rest_route=\/wp\/v2\/pages"}],"about":[{"href":"https:\/\/www.hvidovrekajakklub.dk\/index.php?rest_route=\/wp\/v2\/types\/page"}],"author":[{"embeddable":true,"href":"https:\/\/www.hvidovrekajakklub.dk\/index.php?rest_route=\/wp\/v2\/users\/1"}],"replies":[{"embeddable":true,"href":"https:\/\/www.hvidovrekajakklub.dk\/index.php?rest_route=%2Fwp%2Fv2%2Fcomments&post=154"}],"version-history":[{"count":3,"href":"https:\/\/www.hvidovrekajakklub.dk\/index.php?rest_route=\/wp\/v2\/pages\/154\/revisions"}],"predecessor-version":[{"id":280,"href":"https:\/\/www.hvidovrekajakklub.dk\/index.php?rest_route=\/wp\/v2\/pages\/154\/revisions\/280"}],"wp:attachment":[{"href":"https:\/\/www.hvidovrekajakklub.dk\/index.php?rest_route=%2Fwp%2Fv2%2Fmedia&parent=154"}],"curies":[{"name":"wp","href":"https:\/\/api.w.org\/{rel}","templated":true}]}}