{"id":1303,"date":"2014-03-18T08:09:30","date_gmt":"2014-03-18T07:09:30","guid":{"rendered":"http:\/\/www.hvidovrekajakklub.dk\/?page_id=1303"},"modified":"2016-02-19T17:34:57","modified_gmt":"2016-02-19T16:34:57","slug":"boerneroning","status":"publish","type":"page","link":"https:\/\/www.hvidovrekajakklub.dk\/?page_id=1303","title":{"rendered":"Om b\u00f8rneroningen"},"content":{"rendered":"<p>B\u00f8rneholdet best\u00e5r af b\u00f8rn fra 9-16 \u00e5r som tr\u00e6ner \u00e5ret rundt, dels p\u00e5 Kalveboderne i sommerm\u00e5nederne og dels i klubbens tr\u00e6ningslokaler om vinteren. Der l\u00e6gges v\u00e6gt p\u00e5 individuel udvikling og at have det sjovt. Klubben anvender ATK i den sportslige udvikling af b\u00f8rnene.<\/p>\n<p>AKT st\u00e5r for Aldersrelateret Tr\u00e6nings Koncept, og er udviklet af Dansk Kano- og Kajakforbund i samarbejde med kompetente personer indenfor sporten. Tr\u00e6ningen er tilpasset b\u00f8rnenes alder og udviklingstrin.<\/p>\n","protected":false},"excerpt":{"rendered":"<p>B\u00f8rneholdet best\u00e5r af b\u00f8rn fra 9-16 \u00e5r som tr\u00e6ner \u00e5ret rundt, dels p\u00e5 Kalveboderne i sommerm\u00e5nederne og dels i klubbens tr\u00e6ningslokaler om vinteren. Der l\u00e6gges v\u00e6gt p\u00e5 individuel udvikling og at have det sjovt. Klubben anvender ATK i den sportslige udvikling af b\u00f8rnene. AKT st\u00e5r for Aldersrelateret Tr\u00e6nings Koncept, og er udviklet af Dansk Kano- [&hellip;]<\/p>\n","protected":false},"author":1,"featured_media":0,"parent":0,"menu_order":0,"comment_status":"closed","ping_status":"closed","template":"template-full-width.php","meta":{"ngg_post_thumbnail":0,"footnotes":""},"class_list":["post-1303","page","type-page","status-publish","hentry"],"_links":{"self":[{"href":"https:\/\/www.hvidovrekajakklub.dk\/index.php?rest_route=\/wp\/v2\/pages\/1303","targetHints":{"allow":["GET"]}}],"collection":[{"href":"https:\/\/www.hvidovrekajakklub.dk\/index.php?rest_route=\/wp\/v2\/pages"}],"about":[{"href":"https:\/\/www.hvidovrekajakklub.dk\/index.php?rest_route=\/wp\/v2\/types\/page"}],"author":[{"embeddable":true,"href":"https:\/\/www.hvidovrekajakklub.dk\/index.php?rest_route=\/wp\/v2\/users\/1"}],"replies":[{"embeddable":true,"href":"https:\/\/www.hvidovrekajakklub.dk\/index.php?rest_route=%2Fwp%2Fv2%2Fcomments&post=1303"}],"version-history":[{"count":5,"href":"https:\/\/www.hvidovrekajakklub.dk\/index.php?rest_route=\/wp\/v2\/pages\/1303\/revisions"}],"predecessor-version":[{"id":1927,"href":"https:\/\/www.hvidovrekajakklub.dk\/index.php?rest_route=\/wp\/v2\/pages\/1303\/revisions\/1927"}],"wp:attachment":[{"href":"https:\/\/www.hvidovrekajakklub.dk\/index.php?rest_route=%2Fwp%2Fv2%2Fmedia&parent=1303"}],"curies":[{"name":"wp","href":"https:\/\/api.w.org\/{rel}","templated":true}]}}