{"id":1229,"date":"2014-01-18T18:06:25","date_gmt":"2014-01-18T18:06:25","guid":{"rendered":"http:\/\/www.hvidovrekajakklub.dk\/?page_id=1229"},"modified":"2016-02-17T09:09:16","modified_gmt":"2016-02-17T08:09:16","slug":"dokumenter-2014","status":"publish","type":"page","link":"https:\/\/www.hvidovrekajakklub.dk\/?page_id=1229","title":{"rendered":"Dokumenter 2014"},"content":{"rendered":"<p><a href=\"\/wp-content\/uploads\/2014\/01\/B-moede-referat-12.11.14.pdf\">B-moede, referat 12.11.14<\/a><\/p>\n<p><a href=\"\/wp-content\/uploads\/2014\/01\/Generalforsamling-referat-29.10.14.pdf\">Generalforsamling, referat 29.10.14<\/a><\/p>\n<p><a href=\"\/wp-content\/uploads\/2014\/01\/Referat-b-m\u00f8de-280114.pdf\">Referat b-m\u00f8de 280114<\/a><\/p>\n<p><a href=\"\/wp-content\/uploads\/2014\/01\/Klubaften-referat-290114.pdf\">Klubaften, referat 290114<\/a><\/p>\n<p><a href=\"\/wp-content\/uploads\/2014\/03\/B-mode-HvK-060314.pdf\">B-m\u00f8de HvK 060314<\/a><\/p>\n<p><a href=\"\/wp-content\/uploads\/2014\/04\/B-moede-Referat-25.03.14.pdf\">B-m\u00f8de Referat 25.03.14<\/a><\/p>\n<p><a href=\"\/wp-content\/uploads\/2014\/01\/Medlemsmoede-HvK-30.04.14.pdf\">Medlemsm\u00f8de HvK 30.04.14<\/a><\/p>\n<p><a href=\"\/wp-content\/uploads\/2014\/01\/B-moede-HvK-03.06.14.pdf\">Bestyrelsesm\u00f8de 03.06.14<\/a><\/p>\n<p><a href=\"\/wp-content\/uploads\/2014\/01\/DM-Styregruppemoede-120814.pdf\">DM Styregruppem\u00f8de 120814<\/a><\/p>\n<p><a href=\"\/wp-content\/uploads\/2014\/01\/DM_styregruppemoede-210814.pdf\">DM_styregruppem\u00f8de 210814<\/a><\/p>\n<p><a href=\"\/wp-content\/uploads\/2014\/01\/B-moede-18.09.14.pdf\">Bestyrelses m\u00f8de 18.09.14<\/a><\/p>\n","protected":false},"excerpt":{"rendered":"<p>B-moede, referat 12.11.14 Generalforsamling, referat 29.10.14 Referat b-m\u00f8de 280114 Klubaften, referat 290114 B-m\u00f8de HvK 060314 B-m\u00f8de Referat 25.03.14 Medlemsm\u00f8de HvK 30.04.14 Bestyrelsesm\u00f8de 03.06.14 DM Styregruppem\u00f8de 120814 DM_styregruppem\u00f8de 210814 Bestyrelses m\u00f8de 18.09.14<\/p>\n","protected":false},"author":1,"featured_media":0,"parent":0,"menu_order":0,"comment_status":"closed","ping_status":"closed","template":"template-full-width.php","meta":{"ngg_post_thumbnail":0,"footnotes":""},"class_list":["post-1229","page","type-page","status-publish","hentry"],"_links":{"self":[{"href":"https:\/\/www.hvidovrekajakklub.dk\/index.php?rest_route=\/wp\/v2\/pages\/1229","targetHints":{"allow":["GET"]}}],"collection":[{"href":"https:\/\/www.hvidovrekajakklub.dk\/index.php?rest_route=\/wp\/v2\/pages"}],"about":[{"href":"https:\/\/www.hvidovrekajakklub.dk\/index.php?rest_route=\/wp\/v2\/types\/page"}],"author":[{"embeddable":true,"href":"https:\/\/www.hvidovrekajakklub.dk\/index.php?rest_route=\/wp\/v2\/users\/1"}],"replies":[{"embeddable":true,"href":"https:\/\/www.hvidovrekajakklub.dk\/index.php?rest_route=%2Fwp%2Fv2%2Fcomments&post=1229"}],"version-history":[{"count":32,"href":"https:\/\/www.hvidovrekajakklub.dk\/index.php?rest_route=\/wp\/v2\/pages\/1229\/revisions"}],"predecessor-version":[{"id":1942,"href":"https:\/\/www.hvidovrekajakklub.dk\/index.php?rest_route=\/wp\/v2\/pages\/1229\/revisions\/1942"}],"wp:attachment":[{"href":"https:\/\/www.hvidovrekajakklub.dk\/index.php?rest_route=%2Fwp%2Fv2%2Fmedia&parent=1229"}],"curies":[{"name":"wp","href":"https:\/\/api.w.org\/{rel}","templated":true}]}}