{"id":108,"date":"2013-11-12T13:43:40","date_gmt":"2013-11-12T13:43:40","guid":{"rendered":"http:\/\/www.hvidovrekajakklub.dk\/?page_id=108"},"modified":"2016-02-17T09:09:59","modified_gmt":"2016-02-17T08:09:59","slug":"skiklubben","status":"publish","type":"page","link":"https:\/\/www.hvidovrekajakklub.dk\/?page_id=108","title":{"rendered":"Skiklubben"},"content":{"rendered":"<p>Hvidovre Kajakklub er medlem af Dansk Skiforbund, og klubbens skiafdeling har gennem \u00a0en del \u00e5r haft deltagere i b\u00e5de det store Vasal\u00f8b i Sverige og i de danske skimesterskaber. L\u00e6s mere om disse l\u00f8b her:<\/p>\n<ul>\n<li><a href=\"http:\/\/www.vasaloppet.se\/\" target=\"_blank\">Vasaloppet<\/a><\/li>\n<li><a href=\"http:\/\/www.dskif.dk\/\" target=\"_blank\">Danmarks Skiforbund<\/a><\/li>\n<\/ul>\n<p>Tr\u00e6ningen foreg\u00e5r p\u00e5 rulleski efter aftale mellem medlemmerne i skiklubben. For yderligere oplysninger om klubben, kontakt skiklubafdelingens formand, Viggo Olsen.<\/p>\n","protected":false},"excerpt":{"rendered":"<p>Hvidovre Kajakklub er medlem af Dansk Skiforbund, og klubbens skiafdeling har gennem \u00a0en del \u00e5r haft deltagere i b\u00e5de det store Vasal\u00f8b i Sverige og i de danske skimesterskaber. L\u00e6s mere om disse l\u00f8b her: Vasaloppet Danmarks Skiforbund Tr\u00e6ningen foreg\u00e5r p\u00e5 rulleski efter aftale mellem medlemmerne i skiklubben. For yderligere oplysninger om klubben, kontakt skiklubafdelingens [&hellip;]<\/p>\n","protected":false},"author":1,"featured_media":0,"parent":0,"menu_order":0,"comment_status":"closed","ping_status":"open","template":"template-full-width.php","meta":{"ngg_post_thumbnail":0,"footnotes":""},"class_list":["post-108","page","type-page","status-publish","hentry"],"_links":{"self":[{"href":"https:\/\/www.hvidovrekajakklub.dk\/index.php?rest_route=\/wp\/v2\/pages\/108","targetHints":{"allow":["GET"]}}],"collection":[{"href":"https:\/\/www.hvidovrekajakklub.dk\/index.php?rest_route=\/wp\/v2\/pages"}],"about":[{"href":"https:\/\/www.hvidovrekajakklub.dk\/index.php?rest_route=\/wp\/v2\/types\/page"}],"author":[{"embeddable":true,"href":"https:\/\/www.hvidovrekajakklub.dk\/index.php?rest_route=\/wp\/v2\/users\/1"}],"replies":[{"embeddable":true,"href":"https:\/\/www.hvidovrekajakklub.dk\/index.php?rest_route=%2Fwp%2Fv2%2Fcomments&post=108"}],"version-history":[{"count":5,"href":"https:\/\/www.hvidovrekajakklub.dk\/index.php?rest_route=\/wp\/v2\/pages\/108\/revisions"}],"predecessor-version":[{"id":2153,"href":"https:\/\/www.hvidovrekajakklub.dk\/index.php?rest_route=\/wp\/v2\/pages\/108\/revisions\/2153"}],"wp:attachment":[{"href":"https:\/\/www.hvidovrekajakklub.dk\/index.php?rest_route=%2Fwp%2Fv2%2Fmedia&parent=108"}],"curies":[{"name":"wp","href":"https:\/\/api.w.org\/{rel}","templated":true}]}}