{"id":658,"date":"2013-12-19T16:03:09","date_gmt":"2013-12-19T16:03:09","guid":{"rendered":"http:\/\/www.hvidovrekajakklub.dk\/kalveboderne_rundt\/?page_id=658"},"modified":"2019-09-04T08:18:22","modified_gmt":"2019-09-04T08:18:22","slug":"program","status":"publish","type":"page","link":"http:\/\/www.hvidovrekajakklub.dk\/kalveboderne_rundt\/?page_id=658","title":{"rendered":"Program"},"content":{"rendered":"<h2>Motionsl\u00f8bet Kalveboderne Rundt 2019<\/h2>\n<p><strong>L\u00f8rdag den 26. oktober start kl. 11.00 for 6,2 km. og 12. km. ruterne<br \/>\nB\u00f8rnel\u00f8bet (Bjergl\u00f8bet) dog kl. 10.00<br \/>\n<\/strong><\/p>\n<p>Turen er ca. 12 km lang og starter fra Hvidovre Kajakklub, gennem\u00a0Kystagerparken over broen ved Harrestrup \u00c5 og ind i Valbyparken, langs vandet over togbroen til Amager, langs vandet hen til motorvejsbroen til Aved\u00f8re Holme,\u00a0langs d\u00e6mningen og tilbage til Hvidovre Kajakklub. Turen g\u00e5r s\u00e5ledes over hele 4\u00a0broer p\u00e5 l\u00f8bevenlige stier.<\/p>\n<p>Der vil ogs\u00e5 v\u00e6re en kortere rute p\u00e5 ca. 6,2 km.<br \/>\nB\u00f8rnel\u00f8b til og med 11 \u00e5r, p\u00e5 ca. 2.5 km &#8221; Bjergl\u00f8bet&#8221; start kl. 10.00.<br \/>\nDiplomer og pr\u00e6mier uddeles umiddelbart efter l\u00f8bet.<\/p>\n<p>Der kan k\u00f8bes kaffe og kage i klubben, hvor der ogs\u00e5 er mulighed for omkl\u00e6dning.<br \/>\nPris 6,2km. og 12 km. kr. 75,- \u00a0B\u00f8rn i b\u00f8rnel\u00f8bet 2,5 km. kr. 25,- betales senest d. 19. oktober<\/p>\n<h2>Betaling<\/h2>\n<p>Betaling kan ske:<\/p>\n<p>&#8211; Hvidovre Kajakklubs konto hos Spar Nord reg. 8125 konto 0001919512.<br \/>\n&#8211; Hos Hvidovre Sport, Hvidovrevej 158.<br \/>\n&#8211; Hos Dansprint, Strandmarksvej 27<br \/>\n&#8211; MobilPay til kasserer Inge Ribers p\u00e5 20 25 21 88<\/p>\n<h2>Online tilmelding<\/h2>\n<p>Tilmelding kan ogs\u00e5 ske online her p\u00e5 hjemmesiden ved at v\u00e6lge &#8220;Tilmelding&#8221; i menuen.<\/p>\n<p><b>V<\/b><em>\u00e6lger man som klub at lave en samlet tilmelding, er hver 4. deltager gratis<\/em>. Tilmelding og betaling skal s\u00e5 foretages inden ovenn\u00e6vnte dato.<\/p>\n<p>Eftertilmelding kan ske p\u00e5 dagen fra kl. 9.30 til forh\u00f8jet pris kr. 90,- Bjergl\u00f8bet 2,5 km. 35,-<\/p>\n<p>Alle startnrumre skal hentes i Hvidovre Kajakklub, Hvidovre Strandvej 29 A\u00a0p\u00e5 l\u00f8bsdagen\u00a0mellem\u00a0kl. 9.30-9.50 for Bjergl\u00f8bet og Stavgang, 9.30-10.50 for alle andre l\u00f8b.<\/p>\n<p><!-- Vinterbaderne tilbyder en dukkert i Kalveboderne efter l\u00f8bet for enden af syd-molen, hvis det skulle have interesse! --><\/p>\n<p><strong> Der er diplom til alle fuldf\u00f8rende.<\/strong><\/p>\n","protected":false},"excerpt":{"rendered":"<p>Motionsl\u00f8bet Kalveboderne Rundt 2019 L\u00f8rdag den 26. oktober start kl. 11.00 for 6,2 km. og 12. km. ruterne B\u00f8rnel\u00f8bet (Bjergl\u00f8bet) dog kl. 10.00 Turen er ca. 12 km lang og starter fra Hvidovre Kajakklub, gennem\u00a0Kystagerparken over broen ved Harrestrup \u00c5 og ind i Valbyparken, langs vandet over togbroen til Amager, langs vandet hen til motorvejsbroen [&hellip;]<\/p>\n","protected":false},"author":1,"featured_media":0,"parent":0,"menu_order":0,"comment_status":"closed","ping_status":"closed","template":"","meta":{"footnotes":""},"_links":{"self":[{"href":"http:\/\/www.hvidovrekajakklub.dk\/kalveboderne_rundt\/index.php?rest_route=\/wp\/v2\/pages\/658"}],"collection":[{"href":"http:\/\/www.hvidovrekajakklub.dk\/kalveboderne_rundt\/index.php?rest_route=\/wp\/v2\/pages"}],"about":[{"href":"http:\/\/www.hvidovrekajakklub.dk\/kalveboderne_rundt\/index.php?rest_route=\/wp\/v2\/types\/page"}],"author":[{"embeddable":true,"href":"http:\/\/www.hvidovrekajakklub.dk\/kalveboderne_rundt\/index.php?rest_route=\/wp\/v2\/users\/1"}],"replies":[{"embeddable":true,"href":"http:\/\/www.hvidovrekajakklub.dk\/kalveboderne_rundt\/index.php?rest_route=%2Fwp%2Fv2%2Fcomments&post=658"}],"version-history":[{"count":35,"href":"http:\/\/www.hvidovrekajakklub.dk\/kalveboderne_rundt\/index.php?rest_route=\/wp\/v2\/pages\/658\/revisions"}],"predecessor-version":[{"id":1133,"href":"http:\/\/www.hvidovrekajakklub.dk\/kalveboderne_rundt\/index.php?rest_route=\/wp\/v2\/pages\/658\/revisions\/1133"}],"wp:attachment":[{"href":"http:\/\/www.hvidovrekajakklub.dk\/kalveboderne_rundt\/index.php?rest_route=%2Fwp%2Fv2%2Fmedia&parent=658"}],"curies":[{"name":"wp","href":"https:\/\/api.w.org\/{rel}","templated":true}]}}